{"id":134,"date":"2021-08-04T18:04:44","date_gmt":"2021-08-04T18:04:44","guid":{"rendered":"https:\/\/birthdaymessages.currentnewstimes.com\/sv\/?page_id=134"},"modified":"2021-08-04T18:04:47","modified_gmt":"2021-08-04T18:04:47","slug":"ansvarsfriskrivning","status":"publish","type":"page","link":"https:\/\/birthdaymessages.currentnewstimes.com\/sv\/ansvarsfriskrivning\/","title":{"rendered":"Ansvarsfriskrivning"},"content":{"rendered":"\n<p><span style=\"font-size: 14pt;\">Om du beh\u00f6ver mer information eller har fr\u00e5gor om v\u00e5r webbplats ansvarsfriskrivning kan du kontakta oss via e-post p\u00e5 pushkaragarwalcnt@gmail.com.<\/span><\/p>\n<p><strong><span style=\"font-size: 18pt;\">Ansvarsfriskrivningar f\u00f6r F\u00f6delsedag H\u00e4lsningar<\/span><\/strong><br \/><span style=\"font-size: 14pt;\">All information p\u00e5 denna webbplats &#8211; <a href=\"https:\/\/birthdaymessages.currentnewstimes.com\/sv\/\">https:\/\/birthdaymessages.currentnewstimes.com\/sv\/<\/a> &#8211; publiceras i god tro och endast i allm\u00e4nt informationssyfte. F\u00f6delsedag H\u00e4lsningar l\u00e4mnar inga garantier om fullst\u00e4ndighet, tillf\u00f6rlitlighet och riktighet i denna information. Alla \u00e5tg\u00e4rder som du vidtar p\u00e5 grundval av den information du hittar p\u00e5 denna webbplats (F\u00f6delsedag H\u00e4lsningar) \u00e4r helt p\u00e5 egen risk. F\u00f6delsedag H\u00e4lsningar ansvarar inte f\u00f6r eventuella f\u00f6rluster och\/eller skador i samband med anv\u00e4ndningen av v\u00e5r webbplats.<\/span><\/p>\n<p><span style=\"font-size: 14pt;\">Fr\u00e5n v\u00e5r webbplats kan du bes\u00f6ka andra webbplatser genom att f\u00f6lja hyperl\u00e4nkar till s\u00e5dana externa webbplatser. \u00c4ven om vi str\u00e4var efter att endast tillhandah\u00e5lla kvalitetsl\u00e4nkar till anv\u00e4ndbara och etiska webbplatser, har vi ingen kontroll \u00f6ver inneh\u00e5llet och karakt\u00e4ren p\u00e5 dessa webbplatser. Dessa l\u00e4nkar till andra webbplatser inneb\u00e4r inte att vi rekommenderar allt inneh\u00e5ll som finns p\u00e5 dessa webbplatser. Webbplatsens \u00e4gare och inneh\u00e5ll kan \u00e4ndras utan f\u00f6rvarning och kan ske innan vi har m\u00f6jlighet att ta bort en l\u00e4nk som kan ha blivit &#8220;d\u00e5lig&#8221;.<\/span><\/p>\n<p><span style=\"font-size: 14pt;\">Var ocks\u00e5 medveten om att n\u00e4r du l\u00e4mnar v\u00e5r webbplats kan andra webbplatser ha andra sekretesspolicyer och villkor som ligger utanf\u00f6r v\u00e5r kontroll. Se till att kontrollera dessa webbplatsers sekretesspolicy och deras anv\u00e4ndarvillkor innan du g\u00f6r aff\u00e4rer eller laddar upp information.<\/span><\/p>\n<p><strong><span style=\"font-size: 18pt;\">Samtycke<\/span><\/strong><br \/><span style=\"font-size: 14pt;\">Genom att anv\u00e4nda v\u00e5r webbplats godk\u00e4nner du h\u00e4rmed v\u00e5r ansvarsfriskrivning och samtycker till dess villkor.<\/span><\/p>\n<p><strong><span style=\"font-size: 18pt;\">Uppdatera<\/span><\/strong><br \/><span style=\"font-size: 14pt;\">Om vi uppdaterar, \u00e4ndrar eller g\u00f6r n\u00e5gra \u00e4ndringar i detta dokument kommer dessa \u00e4ndringar att publiceras tydligt h\u00e4r.<\/span><\/p>\n<p>\u00a0<\/p>\n","protected":false},"excerpt":{"rendered":"","protected":false},"author":1,"featured_media":0,"parent":0,"menu_order":0,"comment_status":"closed","ping_status":"closed","template":"","meta":{"site-sidebar-layout":"default","site-content-layout":"default","ast-site-content-layout":"","site-content-style":"default","site-sidebar-style":"default","ast-global-header-display":"","ast-banner-title-visibility":"","ast-main-header-display":"","ast-hfb-above-header-display":"","ast-hfb-below-header-display":"","ast-hfb-mobile-header-display":"","site-post-title":"","ast-breadcrumbs-content":"","ast-featured-img":"","footer-sml-layout":"","theme-transparent-header-meta":"default","adv-header-id-meta":"","stick-header-meta":"","header-above-stick-meta":"","header-main-stick-meta":"","header-below-stick-meta":"","astra-migrate-meta-layouts":"default","ast-page-background-enabled":"default","ast-page-background-meta":{"desktop":{"background-color":"","background-image":"","background-repeat":"repeat","background-position":"center center","background-size":"auto","background-attachment":"scroll","background-type":"","background-media":"","overlay-type":"","overlay-color":"","overlay-gradient":""},"tablet":{"background-color":"","background-image":"","background-repeat":"repeat","background-position":"center center","background-size":"auto","background-attachment":"scroll","background-type":"","background-media":"","overlay-type":"","overlay-color":"","overlay-gradient":""},"mobile":{"background-color":"","background-image":"","background-repeat":"repeat","background-position":"center center","background-size":"auto","background-attachment":"scroll","background-type":"","background-media":"","overlay-type":"","overlay-color":"","overlay-gradient":""}},"ast-content-background-meta":{"desktop":{"background-color":"var(--ast-global-color-5)","background-image":"","background-repeat":"repeat","background-position":"center center","background-size":"auto","background-attachment":"scroll","background-type":"","background-media":"","overlay-type":"","overlay-color":"","overlay-gradient":""},"tablet":{"background-color":"var(--ast-global-color-5)","background-image":"","background-repeat":"repeat","background-position":"center center","background-size":"auto","background-attachment":"scroll","background-type":"","background-media":"","overlay-type":"","overlay-color":"","overlay-gradient":""},"mobile":{"background-color":"var(--ast-global-color-5)","background-image":"","background-repeat":"repeat","background-position":"center center","background-size":"auto","background-attachment":"scroll","background-type":"","background-media":"","overlay-type":"","overlay-color":"","overlay-gradient":""}},"footnotes":""},"class_list":["post-134","page","type-page","status-publish","hentry"],"_links":{"self":[{"href":"https:\/\/birthdaymessages.currentnewstimes.com\/sv\/wp-json\/wp\/v2\/pages\/134","targetHints":{"allow":["GET"]}}],"collection":[{"href":"https:\/\/birthdaymessages.currentnewstimes.com\/sv\/wp-json\/wp\/v2\/pages"}],"about":[{"href":"https:\/\/birthdaymessages.currentnewstimes.com\/sv\/wp-json\/wp\/v2\/types\/page"}],"author":[{"embeddable":true,"href":"https:\/\/birthdaymessages.currentnewstimes.com\/sv\/wp-json\/wp\/v2\/users\/1"}],"replies":[{"embeddable":true,"href":"https:\/\/birthdaymessages.currentnewstimes.com\/sv\/wp-json\/wp\/v2\/comments?post=134"}],"version-history":[{"count":1,"href":"https:\/\/birthdaymessages.currentnewstimes.com\/sv\/wp-json\/wp\/v2\/pages\/134\/revisions"}],"predecessor-version":[{"id":135,"href":"https:\/\/birthdaymessages.currentnewstimes.com\/sv\/wp-json\/wp\/v2\/pages\/134\/revisions\/135"}],"wp:attachment":[{"href":"https:\/\/birthdaymessages.currentnewstimes.com\/sv\/wp-json\/wp\/v2\/media?parent=134"}],"curies":[{"name":"wp","href":"https:\/\/api.w.org\/{rel}","templated":true}]}}