{"id":132,"date":"2021-08-04T18:02:35","date_gmt":"2021-08-04T18:02:35","guid":{"rendered":"https:\/\/birthdaymessages.currentnewstimes.com\/sv\/?page_id=132"},"modified":"2021-08-04T18:02:41","modified_gmt":"2021-08-04T18:02:41","slug":"villkor-for-anvandning-av-webbplatsen","status":"publish","type":"page","link":"https:\/\/birthdaymessages.currentnewstimes.com\/sv\/villkor-for-anvandning-av-webbplatsen\/","title":{"rendered":"Villkor f\u00f6r anv\u00e4ndning av webbplatsen"},"content":{"rendered":"\n<p style=\"text-align: left;\"><strong><span style=\"font-size: 18pt;\">1. Villkor<\/span><\/strong><br \/><span style=\"font-size: 14pt;\">Genom att g\u00e5 in p\u00e5 denna webbplats, som \u00e4r tillg\u00e4nglig fr\u00e5n <a href=\"https:\/\/birthdaymessages.currentnewstimes.com\/sv\/\">https:\/\/birthdaymessages.currentnewstimes.com\/sv\/<\/a>, godk\u00e4nner du att vara bunden av webbplatsens anv\u00e4ndarvillkor och samtycker till att du \u00e4r ansvarig f\u00f6r att f\u00f6lja till\u00e4mplig lokal lagstiftning. Om du inte samtycker till n\u00e5got av dessa villkor \u00e4r det f\u00f6rbjudet f\u00f6r dig att f\u00e5 tillg\u00e5ng till denna webbplats. Materialet p\u00e5 denna webbplats \u00e4r skyddat av upphovsr\u00e4tt och varum\u00e4rkeslagstiftning.<\/span><\/p>\n<p><strong><span style=\"font-size: 18pt;\">2. Anv\u00e4ndningslicens<\/span><\/strong><br \/><span style=\"font-size: 14pt;\">Tillst\u00e5nd ges att tillf\u00e4lligt ladda ner en kopia av materialet p\u00e5 F\u00f6delsedag H\u00e4lsningars webbplats f\u00f6r personlig, icke-kommersiell genomg\u00e5ng. Detta \u00e4r ett beviljande av en licens, inte en \u00f6verf\u00f6ring av \u00e4gander\u00e4tt, och enligt denna licens f\u00e5r du inte:<\/span><\/p>\n<ul>\n<li><span style=\"font-size: 14pt;\">\u00e4ndra eller kopiera materialet;<\/span><\/li>\n<li><span style=\"font-size: 14pt;\">anv\u00e4nda materialet f\u00f6r kommersiella \u00e4ndam\u00e5l eller f\u00f6r offentlig visning;<\/span><\/li>\n<li><span style=\"font-size: 14pt;\">f\u00f6rs\u00f6ka omv\u00e4nda n\u00e5gon programvara som finns p\u00e5 F\u00f6delsedag H\u00e4lsningars webbplats;<\/span><\/li>\n<li><span style=\"font-size: 14pt;\">ta bort n\u00e5gon upphovsr\u00e4tt eller annan \u00e4gander\u00e4ttslig notering fr\u00e5n materialet, eller<\/span><\/li>\n<li><span style=\"font-size: 14pt;\">\u00f6verf\u00f6ra materialet till en annan person eller &#8220;spegla&#8221; materialet p\u00e5 n\u00e5gon annan server.<\/span><\/li>\n<\/ul>\n<p><span style=\"font-size: 14pt;\">Detta kommer att l\u00e5ta F\u00f6delsedag H\u00e4lsningar avsluta vid brott mot n\u00e5gon av dessa restriktioner. Vid upps\u00e4gning kommer \u00e4ven din r\u00e4tt till visning att upph\u00f6ra och du b\u00f6r f\u00f6rst\u00f6ra allt nedladdat material som du har i din \u00e4go, oavsett om det \u00e4r i tryckt eller elektroniskt format.<\/span><\/p>\n<p><strong><span style=\"font-size: 18pt;\">3. Ansvarsfriskrivning<\/span><\/strong><br \/><span style=\"font-size: 14pt;\">Allt material p\u00e5 F\u00f6delsedag H\u00e4lsningars webbplats tillhandah\u00e5lls i befintligt skick. F\u00f6delsedag H\u00e4lsningar l\u00e4mnar inga garantier, vare sig uttryckliga eller underf\u00f6rst\u00e5dda, och f\u00f6rnekar d\u00e4rf\u00f6r alla andra garantier. Dessutom g\u00f6r F\u00f6delsedag H\u00e4lsningar inga uttalanden om riktigheten eller tillf\u00f6rlitligheten i anv\u00e4ndningen av materialet p\u00e5 webbplatsen eller p\u00e5 annat s\u00e4tt i samband med s\u00e5dant material eller webbplatser som \u00e4r l\u00e4nkade till denna webbplats.<\/span><\/p>\n<p><strong><span style=\"font-size: 18pt;\">4. Begr\u00e4nsningar<\/span><\/strong><br \/><span style=\"font-size: 14pt;\">F\u00f6delsedag H\u00e4lsningar eller dess leverant\u00f6rer kommer inte att h\u00e5llas ansvariga f\u00f6r eventuella skador som uppst\u00e5r i samband med anv\u00e4ndningen eller of\u00f6rm\u00e5gan att anv\u00e4nda materialet p\u00e5 F\u00f6delsedag H\u00e4lsningars webbplats, \u00e4ven om F\u00f6delsedag H\u00e4lsningar eller en auktoriserad representant f\u00f6r denna webbplats har underr\u00e4ttats, muntligt eller skriftligt, om m\u00f6jligheten av s\u00e5dana skador. Vissa jurisdiktioner till\u00e5ter inte begr\u00e4nsningar av underf\u00f6rst\u00e5dda garantier eller begr\u00e4nsningar av ansvar f\u00f6r tillf\u00e4lliga skador, dessa begr\u00e4nsningar kanske inte g\u00e4ller f\u00f6r dig.<\/span><\/p>\n<p><strong><span style=\"font-size: 18pt;\">5. Revideringar och felskrivningar<\/span><\/strong><br \/><span style=\"font-size: 14pt;\">Materialet p\u00e5 F\u00f6delsedag H\u00e4lsningars webbplats kan inneh\u00e5lla tekniska, typografiska eller fotografiska fel. F\u00f6delsedag H\u00e4lsningar lovar inte att n\u00e5got av materialen p\u00e5 denna webbplats \u00e4r korrekt, fullst\u00e4ndigt eller aktuellt. F\u00f6delsedag H\u00e4lsningar kan n\u00e4r som helst \u00e4ndra materialet p\u00e5 sin webbplats utan f\u00f6reg\u00e5ende meddelande. F\u00f6delsedag H\u00e4lsningar g\u00f6r inget \u00e5tagande att uppdatera materialet.<\/span><\/p>\n<p><strong><span style=\"font-size: 18pt;\">6. L\u00e4nkar<\/span><\/strong><br \/><span style=\"font-size: 14pt;\">F\u00f6delsedag H\u00e4lsningar har inte granskat alla webbplatser som \u00e4r l\u00e4nkade till dess webbplats och ansvarar inte f\u00f6r inneh\u00e5llet p\u00e5 s\u00e5dana l\u00e4nkade webbplatser. F\u00f6rekomsten av en l\u00e4nk inneb\u00e4r inte att F\u00f6delsedag H\u00e4lsningar godk\u00e4nner webbplatsen. Anv\u00e4ndningen av en l\u00e4nkad webbplats sker p\u00e5 anv\u00e4ndarens egen risk.<\/span><\/p>\n<p><strong><span style=\"font-size: 18pt;\">7. \u00c4ndringar av webbplatsens anv\u00e4ndarvillkor<\/span><\/strong><br \/><span style=\"font-size: 14pt;\">F\u00f6delsedag H\u00e4lsningar kan n\u00e4r som helst och utan f\u00f6reg\u00e5ende meddelande \u00e4ndra dessa anv\u00e4ndarvillkor f\u00f6r sin webbplats. Genom att anv\u00e4nda denna webbplats godk\u00e4nner du att vara bunden av den aktuella versionen av dessa anv\u00e4ndarvillkor.<\/span><\/p>\n<p><strong><span style=\"font-size: 18pt;\">8. Din integritet<\/span><\/strong><br \/><span style=\"font-size: 14pt;\">V\u00e4nligen l\u00e4s v\u00e5r <a href=\"https:\/\/birthdaymessages.currentnewstimes.com\/sv\/integritetspolicy\/\">integritetspolicy.<\/a><\/span><\/p>\n<p><strong><span style=\"font-size: 18pt;\">9. Till\u00e4mplig lag<\/span><\/strong><br \/><span style=\"font-size: 14pt;\">Alla anspr\u00e5k relaterade till F\u00f6delsedag H\u00e4lsningars webbplats ska regleras av lagarna i se utan h\u00e4nsyn till dess lagvalsbest\u00e4mmelser.<\/span><\/p>\n<p>\u00a0<\/p>\n","protected":false},"excerpt":{"rendered":"","protected":false},"author":1,"featured_media":0,"parent":0,"menu_order":0,"comment_status":"closed","ping_status":"closed","template":"","meta":{"site-sidebar-layout":"default","site-content-layout":"default","ast-site-content-layout":"","site-content-style":"default","site-sidebar-style":"default","ast-global-header-display":"","ast-banner-title-visibility":"","ast-main-header-display":"","ast-hfb-above-header-display":"","ast-hfb-below-header-display":"","ast-hfb-mobile-header-display":"","site-post-title":"","ast-breadcrumbs-content":"","ast-featured-img":"","footer-sml-layout":"","theme-transparent-header-meta":"default","adv-header-id-meta":"","stick-header-meta":"","header-above-stick-meta":"","header-main-stick-meta":"","header-below-stick-meta":"","astra-migrate-meta-layouts":"default","ast-page-background-enabled":"default","ast-page-background-meta":{"desktop":{"background-color":"","background-image":"","background-repeat":"repeat","background-position":"center center","background-size":"auto","background-attachment":"scroll","background-type":"","background-media":"","overlay-type":"","overlay-color":"","overlay-gradient":""},"tablet":{"background-color":"","background-image":"","background-repeat":"repeat","background-position":"center center","background-size":"auto","background-attachment":"scroll","background-type":"","background-media":"","overlay-type":"","overlay-color":"","overlay-gradient":""},"mobile":{"background-color":"","background-image":"","background-repeat":"repeat","background-position":"center center","background-size":"auto","background-attachment":"scroll","background-type":"","background-media":"","overlay-type":"","overlay-color":"","overlay-gradient":""}},"ast-content-background-meta":{"desktop":{"background-color":"var(--ast-global-color-5)","background-image":"","background-repeat":"repeat","background-position":"center center","background-size":"auto","background-attachment":"scroll","background-type":"","background-media":"","overlay-type":"","overlay-color":"","overlay-gradient":""},"tablet":{"background-color":"var(--ast-global-color-5)","background-image":"","background-repeat":"repeat","background-position":"center center","background-size":"auto","background-attachment":"scroll","background-type":"","background-media":"","overlay-type":"","overlay-color":"","overlay-gradient":""},"mobile":{"background-color":"var(--ast-global-color-5)","background-image":"","background-repeat":"repeat","background-position":"center center","background-size":"auto","background-attachment":"scroll","background-type":"","background-media":"","overlay-type":"","overlay-color":"","overlay-gradient":""}},"footnotes":""},"class_list":["post-132","page","type-page","status-publish","hentry"],"_links":{"self":[{"href":"https:\/\/birthdaymessages.currentnewstimes.com\/sv\/wp-json\/wp\/v2\/pages\/132","targetHints":{"allow":["GET"]}}],"collection":[{"href":"https:\/\/birthdaymessages.currentnewstimes.com\/sv\/wp-json\/wp\/v2\/pages"}],"about":[{"href":"https:\/\/birthdaymessages.currentnewstimes.com\/sv\/wp-json\/wp\/v2\/types\/page"}],"author":[{"embeddable":true,"href":"https:\/\/birthdaymessages.currentnewstimes.com\/sv\/wp-json\/wp\/v2\/users\/1"}],"replies":[{"embeddable":true,"href":"https:\/\/birthdaymessages.currentnewstimes.com\/sv\/wp-json\/wp\/v2\/comments?post=132"}],"version-history":[{"count":1,"href":"https:\/\/birthdaymessages.currentnewstimes.com\/sv\/wp-json\/wp\/v2\/pages\/132\/revisions"}],"predecessor-version":[{"id":133,"href":"https:\/\/birthdaymessages.currentnewstimes.com\/sv\/wp-json\/wp\/v2\/pages\/132\/revisions\/133"}],"wp:attachment":[{"href":"https:\/\/birthdaymessages.currentnewstimes.com\/sv\/wp-json\/wp\/v2\/media?parent=132"}],"curies":[{"name":"wp","href":"https:\/\/api.w.org\/{rel}","templated":true}]}}