{"id":130,"date":"2021-08-04T17:58:20","date_gmt":"2021-08-04T17:58:20","guid":{"rendered":"https:\/\/birthdaymessages.currentnewstimes.com\/sv\/?page_id=130"},"modified":"2021-08-04T17:58:27","modified_gmt":"2021-08-04T17:58:27","slug":"integritetspolicy","status":"publish","type":"page","link":"https:\/\/birthdaymessages.currentnewstimes.com\/sv\/integritetspolicy\/","title":{"rendered":"Integritetspolicy"},"content":{"rendered":"\n<p><span style=\"font-size: 14pt;\">P\u00e5 F\u00f6delsedag H\u00e4lsningar, som du hittar p\u00e5 <a href=\"https:\/\/birthdaymessages.currentnewstimes.com\/sv\/\">https:\/\/birthdaymessages.currentnewstimes.com\/sv\/<\/a>, \u00e4r en av v\u00e5ra viktigaste prioriteringar att skydda v\u00e5ra bes\u00f6kares integritet. Detta dokument om integritetspolicy inneh\u00e5ller typer av information som samlas in och registreras av F\u00f6delsedag H\u00e4lsningar och hur vi anv\u00e4nder den.<\/span><\/p>\n<p><span style=\"font-size: 14pt;\">Om du har ytterligare fr\u00e5gor eller beh\u00f6ver mer information om v\u00e5r integritetspolicy, tveka inte att kontakta oss.<\/span><\/p>\n<p><span style=\"font-size: 14pt;\">Denna Integritetspolicy g\u00e4ller endast f\u00f6r v\u00e5r online-verksamhet och g\u00e4ller f\u00f6r bes\u00f6kare p\u00e5 v\u00e5r webbplats med avseende p\u00e5 den information som de delat och\/eller samlat in i F\u00f6delsedag H\u00e4lsningar. Denna policy g\u00e4ller inte f\u00f6r information som samlas in offline eller via andra kanaler \u00e4n denna webbplats.<\/span><\/p>\n\n\n\n<p><strong><span style=\"font-size: 18pt;\">Samtycke<\/span><\/strong><br \/><span style=\"font-size: 14pt;\">Genom att anv\u00e4nda v\u00e5r webbplats godk\u00e4nner du h\u00e4rmed v\u00e5r sekretesspolicy och samtycker till dess villkor.<\/span><\/p>\n<p><strong><span style=\"font-size: 18pt;\">Information som vi samlar in<\/span><\/strong><br \/><span style=\"font-size: 14pt;\">De personuppgifter som du ombeds att l\u00e4mna och sk\u00e4len till varf\u00f6r du ombeds att l\u00e4mna dem kommer att klarg\u00f6ras f\u00f6r dig n\u00e4r vi ber dig l\u00e4mna dina personuppgifter.<\/span><\/p>\n<p><span style=\"font-size: 14pt;\">Om du kontaktar oss direkt kan vi f\u00e5 ytterligare information om dig, t.ex. ditt namn, din e-postadress, ditt telefonnummer, inneh\u00e5llet i det meddelande och\/eller de bilagor som du skickar till oss och annan information som du v\u00e4ljer att l\u00e4mna.<\/span><\/p>\n<p><span style=\"font-size: 14pt;\">N\u00e4r du registrerar dig f\u00f6r ett konto kan vi be om dina kontaktuppgifter, inklusive uppgifter som namn, f\u00f6retagsnamn, adress, e-postadress och telefonnummer.<\/span><\/p>\n<p><strong><span style=\"font-size: 18pt;\">Hur vi anv\u00e4nder din information<\/span><\/strong><\/p>\n<ul>\n<li><span style=\"font-size: 14pt;\">Vi anv\u00e4nder den information vi samlar in p\u00e5 olika s\u00e4tt, bland annat f\u00f6r att:<\/span><\/li>\n<li><span style=\"font-size: 14pt;\">tillhandah\u00e5lla, driva och underh\u00e5lla v\u00e5r webbplats<\/span><\/li>\n<li><span style=\"font-size: 14pt;\">F\u00f6rb\u00e4ttra, anpassa och ut\u00f6ka v\u00e5r webbplats.<\/span><\/li>\n<li><span style=\"font-size: 14pt;\">F\u00f6rst\u00e5 och analysera hur du anv\u00e4nder v\u00e5r webbplats.<\/span><\/li>\n<li><span style=\"font-size: 14pt;\">Utveckla nya produkter, tj\u00e4nster, funktioner och funktionalitet.<\/span><\/li>\n<li><span style=\"font-size: 14pt;\">Kommunicera med dig, antingen direkt eller via n\u00e5gon av v\u00e5ra partners, bland annat f\u00f6r kundservice, f\u00f6r att ge dig uppdateringar och annan information om webbplatsen samt f\u00f6r marknadsf\u00f6ring och reklam.<\/span><\/li>\n<li><span style=\"font-size: 14pt;\">Skicka e-post till dig.<\/span><\/li>\n<li><span style=\"font-size: 14pt;\">Hitta och f\u00f6rhindra bedr\u00e4gerier.<\/span><\/li>\n<\/ul>\n<p><strong><span style=\"font-size: 18pt;\">Loggfiler<\/span><\/strong><\/p>\n<p><span style=\"font-size: 14pt;\">F\u00f6delsedag H\u00e4lsningar f\u00f6ljer ett standardf\u00f6rfarande f\u00f6r anv\u00e4ndning av loggfiler. Dessa filer loggar bes\u00f6kare n\u00e4r de bes\u00f6ker webbplatser. Alla webbhotell g\u00f6r detta och en del av webbhotellens analys. Den information som samlas in av loggfilerna inkluderar Internet Protocol (IP) adresser, webbl\u00e4sartyp, Internet Service Provider (ISP), datum- och tidsst\u00e4mpel, h\u00e4nvisnings-\/avslutningssidor och eventuellt antalet klick. Dessa \u00e4r inte kopplade till n\u00e5gon information som \u00e4r personligt identifierbar. Syftet med informationen \u00e4r att analysera trender, administrera webbplatsen, sp\u00e5ra anv\u00e4ndarnas r\u00f6relser p\u00e5 webbplatsen och samla in demografisk information.<\/span><\/p>\n<p><strong><span style=\"font-size: 18pt;\">Cookies och webbsignaler<\/span><\/strong><\/p>\n<p><span style=\"font-size: 14pt;\">Precis som alla andra webbplatser anv\u00e4nder F\u00f6delsedag H\u00e4lsningar &#8220;cookies&#8221;. Dessa cookies anv\u00e4nds f\u00f6r att lagra information om bland annat bes\u00f6karnas preferenser och de sidor p\u00e5 webbplatsen som bes\u00f6karen har bes\u00f6kt. Informationen anv\u00e4nds f\u00f6r att optimera anv\u00e4ndarnas upplevelse genom att anpassa inneh\u00e5llet p\u00e5 v\u00e5ra webbsidor utifr\u00e5n bes\u00f6karnas webbl\u00e4sartyp och\/eller annan information.<\/span><\/p>\n<p><span style=\"font-size: 14pt;\">F\u00f6r mer allm\u00e4n information om cookies, l\u00e4s &#8220;Vad \u00e4r cookies&#8221;.<\/span><\/p>\n<p><strong><span style=\"font-size: 18pt;\">Google DoubleClick DART-cookie<\/span><\/strong><br \/><span style=\"font-size: 14pt;\">Google \u00e4r en av en tredjepartsleverant\u00f6r p\u00e5 v\u00e5r webbplats. F\u00f6retaget anv\u00e4nder ocks\u00e5 cookies, s\u00e5 kallade DART-cookies, f\u00f6r att visa annonser f\u00f6r v\u00e5ra webbplatsbes\u00f6kare baserat p\u00e5 deras bes\u00f6k p\u00e5 www.website.com och andra webbplatser p\u00e5 internet. Bes\u00f6kare kan dock v\u00e4lja att avvisa anv\u00e4ndningen av DART-cookies genom att bes\u00f6ka Googles integritetspolicy f\u00f6r annons- och inneh\u00e5llsn\u00e4tverk p\u00e5 f\u00f6ljande URL &#8211; <a href=\"https:\/\/policies.google.com\/technologies\/ads\" target=\"_blank\" rel=\"noopener\">https:\/\/policies.google.com\/technologies\/ads<\/a><\/span><\/p>\n<p><strong><span style=\"font-size: 18pt;\">Reklampartner Integritetspolicy<\/span><\/strong><br \/><span style=\"font-size: 14pt;\">I denna lista hittar du integritetspolicyn f\u00f6r varje annonspartner till F\u00f6delsedag H\u00e4lsningar.<\/span><\/p>\n<p><span style=\"font-size: 14pt;\">Tredje parts annonsservrar eller annonsn\u00e4tverk anv\u00e4nder tekniker som cookies, JavaScript eller webbfyrar som anv\u00e4nds i deras respektive annonser och l\u00e4nkar som visas p\u00e5 F\u00f6delsedag H\u00e4lsningar och som skickas direkt till anv\u00e4ndarnas webbl\u00e4sare. De f\u00e5r automatiskt din IP-adress n\u00e4r detta sker. Dessa tekniker anv\u00e4nds f\u00f6r att m\u00e4ta effektiviteten av deras reklamkampanjer och\/eller f\u00f6r att anpassa det reklaminneh\u00e5ll som du ser p\u00e5 webbplatser som du bes\u00f6ker.<\/span><\/p>\n<p><span style=\"font-size: 14pt;\">Observera att F\u00f6delsedag H\u00e4lsningar inte har tillg\u00e5ng till eller kontroll \u00f6ver dessa cookies som anv\u00e4nds av tredjepartsannons\u00f6rer.<\/span><\/p>\n<p><strong><span style=\"font-size: 18pt;\">Sekretesspolicy f\u00f6r tredje part<\/span><\/strong><br \/><span style=\"font-size: 14pt;\">F\u00f6delsedag H\u00e4lsningars integritetspolicy g\u00e4ller inte f\u00f6r andra annons\u00f6rer eller webbplatser. Vi rekommenderar d\u00e4rf\u00f6r att du konsulterar respektive integritetspolicy f\u00f6r dessa tredje parts annonsservrar f\u00f6r mer detaljerad information. Den kan inneh\u00e5lla deras metoder och instruktioner om hur man kan v\u00e4lja bort vissa alternativ.<\/span><\/p>\n<p><span style=\"font-size: 14pt;\">Du kan v\u00e4lja att inaktivera cookies genom dina individuella webbl\u00e4saralternativ. Om du vill veta mer detaljerad information om hantering av cookies med specifika webbl\u00e4sare kan du hitta den p\u00e5 webbl\u00e4sarnas respektive webbplatser.<\/span><\/p>\n<p><strong><span style=\"font-size: 18pt;\">CCPA:s integritetsr\u00e4ttigheter (s\u00e4lj inte mina personuppgifter)<\/span><\/strong><br \/><span style=\"font-size: 14pt;\">Enligt CCPA har konsumenter i Kalifornien bland annat r\u00e4tt till f\u00f6ljande:<\/span><\/p>\n<p><span style=\"font-size: 14pt;\">beg\u00e4ra att ett f\u00f6retag som samlar in konsumentens personuppgifter ska avsl\u00f6ja vilka kategorier och specifika personuppgifter som f\u00f6retaget har samlat in om konsumenterna.<\/span><\/p>\n<p><span style=\"font-size: 14pt;\">beg\u00e4ra att ett f\u00f6retag raderar alla personuppgifter om konsumenten som f\u00f6retaget har samlat in.<\/span><\/p>\n<p><span style=\"font-size: 14pt;\">beg\u00e4ra att ett f\u00f6retag som s\u00e4ljer konsumentens personuppgifter inte s\u00e4ljer konsumentens personuppgifter.<\/span><\/p>\n<p><span style=\"font-size: 14pt;\">Om du g\u00f6r en beg\u00e4ran har vi en m\u00e5nad p\u00e5 oss att svara dig. Om du vill ut\u00f6va n\u00e5gon av dessa r\u00e4ttigheter kan du kontakta oss.<\/span><\/p>\n<p><strong><span style=\"font-size: 18pt;\">GDPR-r\u00e4ttigheter f\u00f6r dataskydd<\/span><\/strong><br \/><span style=\"font-size: 14pt;\">Vi vill f\u00f6rs\u00e4kra oss om att du \u00e4r fullt medveten om alla dina dataskyddsr\u00e4ttigheter. Varje anv\u00e4ndare har r\u00e4tt till f\u00f6ljande:<\/span><\/p>\n<p><span style=\"font-size: 14pt;\">R\u00e4tt till tillg\u00e5ng &#8211; Du har r\u00e4tt att beg\u00e4ra kopior av dina personuppgifter. Vi kan ta ut en liten avgift f\u00f6r denna tj\u00e4nst.<\/span><\/p>\n<p><span style=\"font-size: 14pt;\">R\u00e4tten till r\u00e4ttelse &#8211; Du har r\u00e4tt att beg\u00e4ra att vi r\u00e4ttar information som du anser vara felaktig. Du har ocks\u00e5 r\u00e4tt att beg\u00e4ra att vi kompletterar den information som du anser vara ofullst\u00e4ndig.<\/span><\/p>\n<p><span style=\"font-size: 14pt;\">R\u00e4tt till radering &#8211; Du har r\u00e4tt att beg\u00e4ra att vi raderar dina personuppgifter under vissa villkor.<\/span><\/p>\n<p><span style=\"font-size: 14pt;\">R\u00e4tt att begr\u00e4nsa behandlingen &#8211; Du har r\u00e4tt att beg\u00e4ra att vi begr\u00e4nsar behandlingen av dina personuppgifter under vissa villkor.<\/span><\/p>\n<p><span style=\"font-size: 14pt;\">R\u00e4tt att inv\u00e4nda mot behandlingen &#8211; Du har r\u00e4tt att inv\u00e4nda mot v\u00e5r behandling av dina personuppgifter under vissa villkor.<\/span><\/p>\n<p><span style=\"font-size: 14pt;\">R\u00e4tt till dataportabilitet &#8211; Du har r\u00e4tt att beg\u00e4ra att vi \u00f6verf\u00f6r de uppgifter som vi har samlat in till en annan organisation eller direkt till dig, under vissa villkor.<\/span><\/p>\n<p><span style=\"font-size: 14pt;\">Om du g\u00f6r en beg\u00e4ran har vi en m\u00e5nad p\u00e5 oss att svara dig. Om du vill ut\u00f6va n\u00e5gon av dessa r\u00e4ttigheter kan du kontakta oss.<\/span><\/p>\n<p><strong><span style=\"font-size: 18pt;\">Information om barn<\/span><\/strong><br \/><span style=\"font-size: 14pt;\">En annan del av v\u00e5r prioritering \u00e4r att l\u00e4gga till skydd f\u00f6r barn n\u00e4r de anv\u00e4nder internet. Vi uppmuntrar f\u00f6r\u00e4ldrar och v\u00e5rdnadshavare att observera, delta i och\/eller \u00f6vervaka och v\u00e4gleda barnens aktiviteter p\u00e5 n\u00e4tet.<\/span><\/p>\n<p><span style=\"font-size: 14pt;\">F\u00f6delsedag H\u00e4lsningar samlar inte medvetet in n\u00e5gon personlig identifierbar information fr\u00e5n barn under 13 \u00e5r. Om du tror att ditt barn har l\u00e4mnat denna typ av information p\u00e5 v\u00e5r webbplats uppmanar vi dig starkt att kontakta oss omedelbart s\u00e5 att vi kan g\u00f6ra v\u00e5rt b\u00e4sta f\u00f6r att snabbt ta bort s\u00e5dan information fr\u00e5n v\u00e5ra register.<\/span><\/p>\n","protected":false},"excerpt":{"rendered":"","protected":false},"author":1,"featured_media":0,"parent":0,"menu_order":0,"comment_status":"closed","ping_status":"closed","template":"","meta":{"site-sidebar-layout":"default","site-content-layout":"default","ast-site-content-layout":"","site-content-style":"default","site-sidebar-style":"default","ast-global-header-display":"","ast-banner-title-visibility":"","ast-main-header-display":"","ast-hfb-above-header-display":"","ast-hfb-below-header-display":"","ast-hfb-mobile-header-display":"","site-post-title":"","ast-breadcrumbs-content":"","ast-featured-img":"","footer-sml-layout":"","theme-transparent-header-meta":"default","adv-header-id-meta":"","stick-header-meta":"","header-above-stick-meta":"","header-main-stick-meta":"","header-below-stick-meta":"","astra-migrate-meta-layouts":"default","ast-page-background-enabled":"default","ast-page-background-meta":{"desktop":{"background-color":"","background-image":"","background-repeat":"repeat","background-position":"center center","background-size":"auto","background-attachment":"scroll","background-type":"","background-media":"","overlay-type":"","overlay-color":"","overlay-gradient":""},"tablet":{"background-color":"","background-image":"","background-repeat":"repeat","background-position":"center center","background-size":"auto","background-attachment":"scroll","background-type":"","background-media":"","overlay-type":"","overlay-color":"","overlay-gradient":""},"mobile":{"background-color":"","background-image":"","background-repeat":"repeat","background-position":"center center","background-size":"auto","background-attachment":"scroll","background-type":"","background-media":"","overlay-type":"","overlay-color":"","overlay-gradient":""}},"ast-content-background-meta":{"desktop":{"background-color":"var(--ast-global-color-5)","background-image":"","background-repeat":"repeat","background-position":"center center","background-size":"auto","background-attachment":"scroll","background-type":"","background-media":"","overlay-type":"","overlay-color":"","overlay-gradient":""},"tablet":{"background-color":"var(--ast-global-color-5)","background-image":"","background-repeat":"repeat","background-position":"center center","background-size":"auto","background-attachment":"scroll","background-type":"","background-media":"","overlay-type":"","overlay-color":"","overlay-gradient":""},"mobile":{"background-color":"var(--ast-global-color-5)","background-image":"","background-repeat":"repeat","background-position":"center center","background-size":"auto","background-attachment":"scroll","background-type":"","background-media":"","overlay-type":"","overlay-color":"","overlay-gradient":""}},"footnotes":""},"class_list":["post-130","page","type-page","status-publish","hentry"],"_links":{"self":[{"href":"https:\/\/birthdaymessages.currentnewstimes.com\/sv\/wp-json\/wp\/v2\/pages\/130","targetHints":{"allow":["GET"]}}],"collection":[{"href":"https:\/\/birthdaymessages.currentnewstimes.com\/sv\/wp-json\/wp\/v2\/pages"}],"about":[{"href":"https:\/\/birthdaymessages.currentnewstimes.com\/sv\/wp-json\/wp\/v2\/types\/page"}],"author":[{"embeddable":true,"href":"https:\/\/birthdaymessages.currentnewstimes.com\/sv\/wp-json\/wp\/v2\/users\/1"}],"replies":[{"embeddable":true,"href":"https:\/\/birthdaymessages.currentnewstimes.com\/sv\/wp-json\/wp\/v2\/comments?post=130"}],"version-history":[{"count":1,"href":"https:\/\/birthdaymessages.currentnewstimes.com\/sv\/wp-json\/wp\/v2\/pages\/130\/revisions"}],"predecessor-version":[{"id":131,"href":"https:\/\/birthdaymessages.currentnewstimes.com\/sv\/wp-json\/wp\/v2\/pages\/130\/revisions\/131"}],"wp:attachment":[{"href":"https:\/\/birthdaymessages.currentnewstimes.com\/sv\/wp-json\/wp\/v2\/media?parent=130"}],"curies":[{"name":"wp","href":"https:\/\/api.w.org\/{rel}","templated":true}]}}