{"id":128,"date":"2021-08-04T17:49:12","date_gmt":"2021-08-04T17:49:12","guid":{"rendered":"https:\/\/birthdaymessages.currentnewstimes.com\/sv\/?page_id=128"},"modified":"2021-08-04T17:49:17","modified_gmt":"2021-08-04T17:49:17","slug":"policy-for-cookies","status":"publish","type":"page","link":"https:\/\/birthdaymessages.currentnewstimes.com\/sv\/policy-for-cookies\/","title":{"rendered":"Policy f\u00f6r cookies"},"content":{"rendered":"<div class=\"cli_pg_page_contaner\">\n<h3><span style=\"color: #000000;\"><strong>Om denna cookiepolicy<\/strong><\/span><\/h3>\n<div><span style=\"font-size: 14pt;\">Denna cookiepolicy f\u00f6rklarar vad cookies \u00e4r och hur vi anv\u00e4nder dem, vilka typer av cookies vi anv\u00e4nder, dvs. vilken information vi samlar in med hj\u00e4lp av cookies och hur den informationen anv\u00e4nds, samt hur du kontrollerar dina cookieinst\u00e4llningar. F\u00f6r ytterligare information om hur vi anv\u00e4nder, lagrar och skyddar dina personuppgifter, se v\u00e5r sekretesspolicy.Du kan n\u00e4r som helst \u00e4ndra eller \u00e5terkalla ditt samtycke fr\u00e5n cookief\u00f6rklaringen p\u00e5 v\u00e5r webbplatsL\u00e4s mer om vilka vi \u00e4r, hur du kan kontakta oss och hur vi behandlar personuppgifter i v\u00e5r sekretesspolicy.Ditt samtycke g\u00e4ller f\u00f6r f\u00f6ljande dom\u00e4ner:\u00a0 <a href=\"https:\/\/birthdaymessages.currentnewstimes.com\/sv\/\">birthdaymessages.currentnewstimes.com<\/a><\/span><\/div>\n<div><\/div>\n<div>[user_consent_state]<\/div>\n<h3><span style=\"color: #000000;\"><strong>Vad \u00e4r kakor?<\/strong><\/span><\/h3>\n<div><span style=\"font-size: 14pt;\">Cookies \u00e4r sm\u00e5 textfiler som anv\u00e4nds f\u00f6r att lagra sm\u00e5 bitar av information. De lagras p\u00e5 din enhet n\u00e4r webbplatsen laddas i din webbl\u00e4sare. Dessa cookies hj\u00e4lper oss att f\u00e5 webbplatsen att fungera korrekt, g\u00f6ra den s\u00e4krare, ge en b\u00e4ttre anv\u00e4ndarupplevelse och f\u00f6rst\u00e5 hur webbplatsen fungerar och att analysera vad som fungerar och var den beh\u00f6ver f\u00f6rb\u00e4ttras.<\/span><\/div>\n<h3><span style=\"color: #000000;\"><strong>Hur anv\u00e4nder vi cookies?<\/strong><\/span><\/h3>\n<div><span style=\"font-size: 14pt;\">Liksom de flesta onlinetj\u00e4nster anv\u00e4nder v\u00e5r webbplats f\u00f6rstaparts- och tredjepartscookies f\u00f6r olika \u00e4ndam\u00e5l. F\u00f6rstapartscookies \u00e4r oftast n\u00f6dv\u00e4ndiga f\u00f6r att webbplatsen ska fungera p\u00e5 r\u00e4tt s\u00e4tt, och de samlar inte in n\u00e5gra av dina personligt identifierbara uppgifter.Tredjepartscookies som anv\u00e4nds p\u00e5 v\u00e5r webbplats \u00e4r fr\u00e4mst f\u00f6r att f\u00f6rst\u00e5 hur webbplatsen fungerar, hur du interagerar med v\u00e5r webbplats, f\u00f6r att h\u00e5lla v\u00e5ra tj\u00e4nster s\u00e4kra, f\u00f6r att tillhandah\u00e5lla annonser som \u00e4r relevanta f\u00f6r dig och f\u00f6r att ge dig en b\u00e4ttre och f\u00f6rb\u00e4ttrad anv\u00e4ndarupplevelse och hj\u00e4lpa till att p\u00e5skynda dina framtida interaktioner med v\u00e5r webbplats.<\/span><\/div>\n<h3><span style=\"color: #000000;\"><strong>Vilka typer av cookies anv\u00e4nder vi?<\/strong><\/span><\/h3>\n<div><span style=\"font-size: 14pt;\">Viktigt: Vissa cookies \u00e4r n\u00f6dv\u00e4ndiga f\u00f6r att du ska kunna uppleva alla funktioner p\u00e5 v\u00e5r webbplats. De g\u00f6r det m\u00f6jligt f\u00f6r oss att uppr\u00e4tth\u00e5lla anv\u00e4ndarsessioner och f\u00f6rhindra eventuella s\u00e4kerhetshot. De samlar inte in eller lagrar n\u00e5gon personlig information. <\/span><\/div>\n<div><\/div>\n<div><span style=\"font-size: 14pt;\">Dessa cookies g\u00f6r det till exempel m\u00f6jligt f\u00f6r dig att logga in p\u00e5 ditt konto och l\u00e4gga till produkter i din korg och betala ut s\u00e4kert.<\/span><\/div>\n<div><\/div>\n<div><span style=\"font-size: 14pt;\">Statistik: Dessa cookies lagrar information som antalet bes\u00f6kare p\u00e5 webbplatsen, antalet unika bes\u00f6kare, vilka sidor p\u00e5 webbplatsen som har bes\u00f6kts, k\u00e4llan till bes\u00f6ket osv. Dessa uppgifter hj\u00e4lper oss att f\u00f6rst\u00e5 och analysera hur v\u00e4l webbplatsen fungerar och var den beh\u00f6ver f\u00f6rb\u00e4ttras.Marknadsf\u00f6ring: V\u00e5r webbplats visar annonser. Dessa cookies anv\u00e4nds f\u00f6r att anpassa de annonser som vi visar dig s\u00e5 att de \u00e4r meningsfulla f\u00f6r dig.<\/span><\/div>\n<div><\/div>\n<div><span style=\"font-size: 14pt;\"> Dessa cookies hj\u00e4lper oss ocks\u00e5 att h\u00e5lla koll p\u00e5 hur effektiva dessa annonskampanjer \u00e4r.Den information som lagras i dessa cookies kan ocks\u00e5 anv\u00e4ndas av tredjepartsleverant\u00f6rer av annonser f\u00f6r att visa dig annonser \u00e4ven p\u00e5 andra webbplatser i webbl\u00e4saren.Funktionellt: <\/span><\/div>\n<div><\/div>\n<div><span style=\"font-size: 14pt;\">TTh\u00e4r \u00e4r de cookies som hj\u00e4lper till med vissa icke v\u00e4sentliga funktioner p\u00e5 v\u00e5r webbplats. <\/span><\/div>\n<div><\/div>\n<div><span style=\"font-size: 14pt;\">Dessa funktioner omfattar inb\u00e4ddning av inneh\u00e5ll som videor eller delning av webbplatsens inneh\u00e5ll p\u00e5 sociala medieplattformar.Preferenser: Dessa cookies hj\u00e4lper oss att lagra dina inst\u00e4llningar och webbl\u00e4sarpreferenser, t.ex. spr\u00e5kpreferenser, s\u00e5 att du f\u00e5r en b\u00e4ttre och effektivare upplevelse vid framtida bes\u00f6k p\u00e5 webbplatsen.<\/span><\/div>\n<div><\/div>\n<div>[cookie_audit columns=&#8221;cookie,description&#8221; heading=&#8221;The below list details the cookies used in our website.&#8221;]<\/div>\n<h3><span style=\"color: #000000;\"><strong>Hur kan jag kontrollera inst\u00e4llningarna f\u00f6r cookies?<\/strong><\/span><\/h3>\n<div><span style=\"font-size: 14pt;\">Om du best\u00e4mmer dig f\u00f6r att \u00e4ndra dina inst\u00e4llningar senare under din webbl\u00e4sarsession kan du klicka p\u00e5 fliken &#8220;Integritets- och cookiepolicy&#8221; p\u00e5 din sk\u00e4rm. D\u00e5 visas meddelandet om samtycke igen och du kan \u00e4ndra dina inst\u00e4llningar eller \u00e5terkalla ditt samtycke helt och h\u00e5llet.Dessutom erbjuder olika webbl\u00e4sare olika metoder f\u00f6r att blockera och radera cookies som anv\u00e4nds av webbplatser. Du kan \u00e4ndra inst\u00e4llningarna i din webbl\u00e4sare f\u00f6r att blockera\/ta bort cookies. Om du vill veta mer om hur du hanterar och raderar cookies kan du bes\u00f6ka f\u00f6ljande<\/span><\/div>\n<div><\/div>\n<div><span style=\"font-size: 14pt;\"><a href=\"http:\/\/webbplatswikipedia.org\" target=\"_blank\" rel=\"noopener\">webbplatswikipedia.org<\/a>, <a href=\"http:\/\/www.allaboutcookies.org\" target=\"_blank\" rel=\"noopener\">www.allaboutcookies.org<\/a>.<\/span><\/div>\n<\/div>\n","protected":false},"excerpt":{"rendered":"<p>Om denna cookiepolicy Denna cookiepolicy f\u00f6rklarar vad cookies \u00e4r och hur vi anv\u00e4nder dem, vilka typer av cookies vi anv\u00e4nder, dvs. vilken information vi samlar in med hj\u00e4lp av cookies och hur den informationen anv\u00e4nds, samt hur du kontrollerar dina cookieinst\u00e4llningar. F\u00f6r ytterligare information om hur vi anv\u00e4nder, lagrar och skyddar dina personuppgifter, se v\u00e5r [&hellip;]<\/p>\n","protected":false},"author":1,"featured_media":0,"parent":0,"menu_order":0,"comment_status":"closed","ping_status":"closed","template":"","meta":{"site-sidebar-layout":"default","site-content-layout":"default","ast-site-content-layout":"","site-content-style":"default","site-sidebar-style":"default","ast-global-header-display":"","ast-banner-title-visibility":"","ast-main-header-display":"","ast-hfb-above-header-display":"","ast-hfb-below-header-display":"","ast-hfb-mobile-header-display":"","site-post-title":"","ast-breadcrumbs-content":"","ast-featured-img":"","footer-sml-layout":"","theme-transparent-header-meta":"default","adv-header-id-meta":"","stick-header-meta":"","header-above-stick-meta":"","header-main-stick-meta":"","header-below-stick-meta":"","astra-migrate-meta-layouts":"default","ast-page-background-enabled":"default","ast-page-background-meta":{"desktop":{"background-color":"","background-image":"","background-repeat":"repeat","background-position":"center center","background-size":"auto","background-attachment":"scroll","background-type":"","background-media":"","overlay-type":"","overlay-color":"","overlay-gradient":""},"tablet":{"background-color":"","background-image":"","background-repeat":"repeat","background-position":"center center","background-size":"auto","background-attachment":"scroll","background-type":"","background-media":"","overlay-type":"","overlay-color":"","overlay-gradient":""},"mobile":{"background-color":"","background-image":"","background-repeat":"repeat","background-position":"center center","background-size":"auto","background-attachment":"scroll","background-type":"","background-media":"","overlay-type":"","overlay-color":"","overlay-gradient":""}},"ast-content-background-meta":{"desktop":{"background-color":"var(--ast-global-color-5)","background-image":"","background-repeat":"repeat","background-position":"center center","background-size":"auto","background-attachment":"scroll","background-type":"","background-media":"","overlay-type":"","overlay-color":"","overlay-gradient":""},"tablet":{"background-color":"var(--ast-global-color-5)","background-image":"","background-repeat":"repeat","background-position":"center center","background-size":"auto","background-attachment":"scroll","background-type":"","background-media":"","overlay-type":"","overlay-color":"","overlay-gradient":""},"mobile":{"background-color":"var(--ast-global-color-5)","background-image":"","background-repeat":"repeat","background-position":"center center","background-size":"auto","background-attachment":"scroll","background-type":"","background-media":"","overlay-type":"","overlay-color":"","overlay-gradient":""}},"footnotes":""},"class_list":["post-128","page","type-page","status-publish","hentry"],"_links":{"self":[{"href":"https:\/\/birthdaymessages.currentnewstimes.com\/sv\/wp-json\/wp\/v2\/pages\/128","targetHints":{"allow":["GET"]}}],"collection":[{"href":"https:\/\/birthdaymessages.currentnewstimes.com\/sv\/wp-json\/wp\/v2\/pages"}],"about":[{"href":"https:\/\/birthdaymessages.currentnewstimes.com\/sv\/wp-json\/wp\/v2\/types\/page"}],"author":[{"embeddable":true,"href":"https:\/\/birthdaymessages.currentnewstimes.com\/sv\/wp-json\/wp\/v2\/users\/1"}],"replies":[{"embeddable":true,"href":"https:\/\/birthdaymessages.currentnewstimes.com\/sv\/wp-json\/wp\/v2\/comments?post=128"}],"version-history":[{"count":1,"href":"https:\/\/birthdaymessages.currentnewstimes.com\/sv\/wp-json\/wp\/v2\/pages\/128\/revisions"}],"predecessor-version":[{"id":129,"href":"https:\/\/birthdaymessages.currentnewstimes.com\/sv\/wp-json\/wp\/v2\/pages\/128\/revisions\/129"}],"wp:attachment":[{"href":"https:\/\/birthdaymessages.currentnewstimes.com\/sv\/wp-json\/wp\/v2\/media?parent=128"}],"curies":[{"name":"wp","href":"https:\/\/api.w.org\/{rel}","templated":true}]}}