{"id":1221,"date":"2021-08-04T16:57:17","date_gmt":"2021-08-04T16:57:17","guid":{"rendered":"https:\/\/birthdaymessages.currentnewstimes.com\/geburtstag-text\/?page_id=1221"},"modified":"2021-08-04T16:57:24","modified_gmt":"2021-08-04T16:57:24","slug":"cookie-richtlinie","status":"publish","type":"page","link":"https:\/\/birthdaymessages.currentnewstimes.com\/geburtstag-text\/cookie-richtlinie\/","title":{"rendered":"Cookie-Richtlinie"},"content":{"rendered":"<div class=\"cli_pg_page_contaner\">\n<h3><strong><span style=\"color: #000000;\">\u00dcber diese Cookie-Richtlinie<\/span><\/strong><\/h3>\n<div><span style=\"font-size: 14pt;\">In dieser Cookie-Richtlinie wird erkl\u00e4rt, was Cookies sind und wie wir sie verwenden, welche Arten von Cookies wir verwenden, welche Informationen wir mit Hilfe von Cookies sammeln und wie diese Informationen verwendet werden, und wie Sie die Cookie-Einstellungen steuern k\u00f6nnen. Weitere Informationen dar\u00fcber, wie wir Ihre pers\u00f6nlichen Daten verwenden, speichern und sicher aufbewahren, finden Sie in unserer Datenschutzrichtlinie.<\/span><span style=\"font-size: 14pt;\">You can at any time change or withdraw your consent from the Cookie Declaration on our website<\/span><br \/>\n<span style=\"font-size: 14pt;\">Learn more about who we are, how you can contact us, and how we process personal data in our <a href=\"https:\/\/birthdaymessages.currentnewstimes.com\/geburtstag-text\/datenschutzerklarung\/\">Privacy Policy<\/a>.<\/span><br \/>\n<span style=\"font-size: 14pt;\">Your consent applies to the following domains:<a href=\"https:\/\/birthdaymessages.currentnewstimes.com\/geburtstag-text\/\"> birthdaymessages.currentnewstimes.com\/geburtstag-text\/<\/a><\/span><br \/>\n[user_consent_state]<\/p>\n<\/div>\n<h3><strong><span style=\"color: #000000;\">Was sind Cookies?<\/span><\/strong><\/h3>\n<div><span style=\"font-size: 14pt;\">Cookies sind kleine Textdateien, die dazu dienen, kleine Informationen zu speichern. Sie werden auf Ihrem Ger\u00e4t gespeichert, wenn die Website in Ihrem Browser geladen wird. Diese Cookies helfen uns, die Website ordnungsgem\u00e4\u00df funktionieren zu lassen, sie sicherer zu machen, eine bessere Benutzererfahrung zu bieten und zu verstehen, wie die Website funktioniert und zu analysieren, was funktioniert und wo sie verbessert werden muss.<\/span><\/div>\n<h3><strong><span style=\"color: #000000;\">Wie verwenden wir Cookies?<\/span><\/strong><\/h3>\n<div>\n<p><span style=\"font-size: 14pt;\">Wie die meisten Online-Dienste verwendet auch unsere Website Erstanbieter- und Drittanbieter-Cookies f\u00fcr verschiedene Zwecke. Cookies von Erstanbietern sind meist notwendig, damit die Website richtig funktioniert, und sie sammeln keine personenbezogenen Daten.<\/span><\/p>\n<p><span style=\"font-size: 14pt;\">Die Cookies von Drittanbietern, die auf unserer Website verwendet werden, dienen haupts\u00e4chlich dazu, zu verstehen, wie die Website funktioniert, wie Sie mit unserer Website interagieren, unsere Dienste sicher zu halten, Ihnen f\u00fcr Sie relevante Werbung anzubieten und Ihnen insgesamt ein besseres und verbessertes Benutzererlebnis zu bieten und Ihre zuk\u00fcnftigen Interaktionen mit unserer Website zu beschleunigen.<\/span><\/p>\n<\/div>\n<h3><strong><span style=\"color: #000000;\">Welche Arten von Cookies verwenden wir?<\/span><\/strong><\/h3>\n<div>\n<p><span style=\"font-size: 14pt;\">Unverzichtbar: Einige Cookies sind unerl\u00e4sslich, damit Sie die volle Funktionalit\u00e4t unserer Website nutzen k\u00f6nnen. Sie erm\u00f6glichen es uns, Benutzersitzungen aufrechtzuerhalten und Sicherheitsbedrohungen zu verhindern. Sie sammeln oder speichern keine pers\u00f6nlichen Informationen. Diese Cookies erm\u00f6glichen es Ihnen zum Beispiel, sich bei Ihrem Konto anzumelden, Produkte in Ihren Warenkorb zu legen und sicher zur Kasse zu gehen.<\/span><\/p>\n<p><span style=\"font-size: 14pt;\">Statistik: Diese Cookies speichern Informationen wie die Anzahl der Besucher der Website, die Anzahl der einzelnen Besucher, welche Seiten der Website besucht wurden, die Quelle des Besuchs usw. Diese Daten helfen uns zu verstehen und zu analysieren, wie gut die Website funktioniert und wo sie verbessert werden muss.<\/span><\/p>\n<p><span style=\"font-size: 14pt;\">Vermarktung: Auf unserer Website wird Werbung angezeigt. Diese Cookies werden verwendet, um die Werbung, die wir Ihnen zeigen, so zu personalisieren, dass sie f\u00fcr Sie sinnvoll ist. Diese Cookies helfen uns auch, die Effizienz dieser Werbekampagnen zu verfolgen.<\/span><br \/>\n<span style=\"font-size: 14pt;\">Die in diesen Cookies gespeicherten Informationen k\u00f6nnen auch von Drittanbietern verwendet werden, um Ihnen Werbung auf anderen Websites im Browser anzuzeigen.<\/span><\/p>\n<p><span style=\"font-size: 14pt;\">Funktional: Dies sind Cookies, die bestimmte nicht-essentielle Funktionen auf unserer Website unterst\u00fctzen. Zu diesen Funktionen geh\u00f6ren das Einbetten von Inhalten wie Videos oder das Teilen von Inhalten der Website auf Social-Media-Plattformen.<\/span><\/p>\n<p><span style=\"font-size: 14pt;\">Pr\u00e4ferenzen: Diese Cookies helfen uns, Ihre Einstellungen und Browsing-Pr\u00e4ferenzen, wie z. B. Spracheinstellungen, zu speichern, damit Sie bei zuk\u00fcnftigen Besuchen der Website ein besseres und effizienteres Erlebnis haben.<\/span><\/p>\n<p>[cookie_audit columns=&#8220;cookie,description&#8220; heading=&#8220;The below list details the cookies used in our website.&#8220;]<\/p>\n<\/div>\n<h3><strong><span style=\"color: #000000;\">Wie kann ich die Cookie-Einstellungen kontrollieren?<\/span><\/strong><\/h3>\n<div>\n<p><span style=\"font-size: 14pt;\">Sollten Sie Ihre Einstellungen sp\u00e4ter \u00e4ndern wollen, k\u00f6nnen Sie auf Ihrem Bildschirm auf die Registerkarte &#8222;Datenschutz und Cookie-Richtlinie&#8220; klicken. Dadurch wird der Hinweis auf die Einwilligung erneut angezeigt, so dass Sie Ihre Einstellungen \u00e4ndern oder Ihre Einwilligung vollst\u00e4ndig widerrufen k\u00f6nnen.<\/span><\/p>\n<p><span style=\"font-size: 14pt;\">Dar\u00fcber hinaus bieten die verschiedenen Browser unterschiedliche Methoden zum Blockieren und L\u00f6schen von Cookies, die von Websites verwendet werden. Sie k\u00f6nnen die Einstellungen Ihres Browsers \u00e4ndern, um die Cookies zu blockieren\/l\u00f6schen. Weitere Informationen \u00fcber die Verwaltung und L\u00f6schung von Cookies finden Sie unter <a href=\"http:\/\/wikipedia.org\" target=\"_blank\" rel=\"noopener\">wikipedia.org<\/a>, <a href=\"http:\/\/www.allaboutcookies.org\" target=\"_blank\" rel=\"noopener\">www.allaboutcookies.org<\/a>.<\/span><\/p>\n<\/div>\n<\/div>\n","protected":false},"excerpt":{"rendered":"<p>\u00dcber diese Cookie-Richtlinie In dieser Cookie-Richtlinie wird erkl\u00e4rt, was Cookies sind und wie wir sie verwenden, welche Arten von Cookies wir verwenden, welche Informationen wir mit Hilfe von Cookies sammeln und wie diese Informationen verwendet werden, und wie Sie die Cookie-Einstellungen steuern k\u00f6nnen. Weitere Informationen dar\u00fcber, wie wir Ihre pers\u00f6nlichen Daten verwenden, speichern und sicher [&hellip;]<\/p>\n","protected":false},"author":1,"featured_media":0,"parent":0,"menu_order":0,"comment_status":"closed","ping_status":"closed","template":"","meta":{"footnotes":""},"class_list":["post-1221","page","type-page","status-publish","hentry"],"blocksy_meta":[],"_links":{"self":[{"href":"https:\/\/birthdaymessages.currentnewstimes.com\/geburtstag-text\/wp-json\/wp\/v2\/pages\/1221","targetHints":{"allow":["GET"]}}],"collection":[{"href":"https:\/\/birthdaymessages.currentnewstimes.com\/geburtstag-text\/wp-json\/wp\/v2\/pages"}],"about":[{"href":"https:\/\/birthdaymessages.currentnewstimes.com\/geburtstag-text\/wp-json\/wp\/v2\/types\/page"}],"author":[{"embeddable":true,"href":"https:\/\/birthdaymessages.currentnewstimes.com\/geburtstag-text\/wp-json\/wp\/v2\/users\/1"}],"replies":[{"embeddable":true,"href":"https:\/\/birthdaymessages.currentnewstimes.com\/geburtstag-text\/wp-json\/wp\/v2\/comments?post=1221"}],"version-history":[{"count":0,"href":"https:\/\/birthdaymessages.currentnewstimes.com\/geburtstag-text\/wp-json\/wp\/v2\/pages\/1221\/revisions"}],"wp:attachment":[{"href":"https:\/\/birthdaymessages.currentnewstimes.com\/geburtstag-text\/wp-json\/wp\/v2\/media?parent=1221"}],"curies":[{"name":"wp","href":"https:\/\/api.w.org\/{rel}","templated":true}]}}