{"id":111,"date":"2021-08-20T15:59:37","date_gmt":"2021-08-20T15:59:37","guid":{"rendered":"https:\/\/birthdaymessages.currentnewstimes.com\/fr\/?page_id=111"},"modified":"2021-08-20T15:59:43","modified_gmt":"2021-08-20T15:59:43","slug":"modalites-et-conditions","status":"publish","type":"page","link":"https:\/\/birthdaymessages.currentnewstimes.com\/fr\/modalites-et-conditions\/","title":{"rendered":"Modalit\u00e9s et conditions"},"content":{"rendered":"\n<p>Bienvenue sur le site de Textes Joyeux Anniversaire !<\/p>\n<p>Les pr\u00e9sentes conditions g\u00e9n\u00e9rales d\u00e9finissent les r\u00e8gles d&#8217;utilisation du site Web des Textes Joyeux Anniversaire, situ\u00e9 \u00e0 l&#8217;adresse <a href=\"https:\/\/birthdaymessages.currentnewstimes.com\/fr\/\">https:\/\/birthdaymessages.currentnewstimes.com\/fr\/<\/a>.<\/p>\n<p>En acc\u00e9dant \u00e0 ce site, nous supposons que vous acceptez ces conditions. Ne continuez pas \u00e0 utiliser le site Textes Joyeux Anniversaire si vous n&#8217;acceptez pas l&#8217;ensemble des termes et conditions \u00e9nonc\u00e9s sur cette page.<\/p>\n<p>La terminologie suivante s&#8217;applique aux pr\u00e9sentes conditions g\u00e9n\u00e9rales, \u00e0 la d\u00e9claration de confidentialit\u00e9 et \u00e0 l&#8217;avis de non-responsabilit\u00e9 ainsi qu&#8217;\u00e0 tous les accords : &#8220;Client&#8221;, &#8220;Vous&#8221; et &#8220;Votre&#8221; font r\u00e9f\u00e9rence \u00e0 vous, la personne qui se connecte \u00e0 ce site web et qui se conforme aux termes et conditions de la Soci\u00e9t\u00e9. &#8220;La Soci\u00e9t\u00e9&#8221;, &#8220;Nous&#8221;, &#8220;Notre&#8221;, &#8220;Nos&#8221; et &#8220;Nous&#8221;, d\u00e9signe notre Soci\u00e9t\u00e9. &#8220;Partie&#8221;, &#8220;Parties&#8221;, ou &#8220;Nous&#8221;, d\u00e9signe \u00e0 la fois le client et nous-m\u00eames. Tous les termes font r\u00e9f\u00e9rence \u00e0 l&#8217;offre, \u00e0 l&#8217;acceptation et \u00e0 la prise en compte du paiement n\u00e9cessaire pour entreprendre le processus de notre assistance au Client de la mani\u00e8re la plus appropri\u00e9e dans le but expr\u00e8s de r\u00e9pondre aux besoins du Client en ce qui concerne la fourniture des services d\u00e9clar\u00e9s de la Soci\u00e9t\u00e9, conform\u00e9ment et sous r\u00e9serve de la loi en vigueur aux Pays-Bas. Toute utilisation de la terminologie ci-dessus ou d&#8217;autres mots au singulier, au pluriel, en majuscules et\/ou il\/elle ou ils\/elles, sont consid\u00e9r\u00e9s comme interchangeables et donc comme se r\u00e9f\u00e9rant au m\u00eame.<\/p>\n<p>Cookies<br \/>Nous utilisons des cookies. En acc\u00e9dant \u00e0 Textes Joyeux Anniversaire, vous avez accept\u00e9 d&#8217;utiliser des cookies en accord avec la politique de confidentialit\u00e9 de Textes Joyeux Anniversaire.<\/p>\n<p>La plupart des sites web interactifs utilisent des cookies pour nous permettre de retrouver les coordonn\u00e9es de l&#8217;utilisateur \u00e0 chaque visite. Les cookies sont utilis\u00e9s par notre site web pour permettre la fonctionnalit\u00e9 de certaines zones afin de faciliter la t\u00e2che des personnes qui visitent notre site web. Certains de nos partenaires affili\u00e9s\/publicitaires peuvent \u00e9galement utiliser des cookies.<\/p>\n<p>Licence<br \/>Sauf indication contraire, Textes Joyeux Anniversaire et\/ou ses conc\u00e9dants de licence d\u00e9tiennent les droits de propri\u00e9t\u00e9 intellectuelle de l&#8217;ensemble du mat\u00e9riel pr\u00e9sent sur Textes Joyeux Anniversaire. Tous les droits de propri\u00e9t\u00e9 intellectuelle sont r\u00e9serv\u00e9s. Vous pouvez acc\u00e9der au site Textes Joyeux Anniversaire pour votre usage personnel, sous r\u00e9serve des restrictions \u00e9nonc\u00e9es dans les pr\u00e9sentes conditions g\u00e9n\u00e9rales.<\/p>\n<p>Vous ne devez pas :<\/p>\n<ol>\n<li>Reproduire du mat\u00e9riel provenant de Textes Joyeux Anniversaire<\/li>\n<li>Vendre, louer ou accorder une sous-licence pour le mat\u00e9riel provenant de Textes Joyeux Anniversaire.<\/li>\n<li>Reproduire, dupliquer ou copier du mat\u00e9riel provenant de Textes Joyeux <br \/>Anniversaire<\/li>\n<li>Redistribuer le contenu de Textes Joyeux Anniversaire<\/li>\n<\/ol>\n<p>Le pr\u00e9sent accord prend effet \u00e0 la date du pr\u00e9sent document. Nos conditions g\u00e9n\u00e9rales ont \u00e9t\u00e9 cr\u00e9\u00e9es \u00e0 l&#8217;aide du g\u00e9n\u00e9rateur de conditions g\u00e9n\u00e9rales.<\/p>\n<p>Certaines parties de ce site Web offrent aux utilisateurs la possibilit\u00e9 de publier et d&#8217;\u00e9changer des opinions et des informations dans certaines zones du site. Textes Joyeux Anniversaire ne filtre pas, n&#8217;\u00e9dite pas, ne publie pas et ne r\u00e9vise pas les Commentaires avant leur pr\u00e9sence sur le site. Les Commentaires ne refl\u00e8tent pas les vues et opinions de Textes Joyeux Anniversaire, de ses agents et\/ou de ses affili\u00e9s. Les Commentaires refl\u00e8tent les points de vue et les opinions de la personne qui les a post\u00e9s. Dans la mesure o\u00f9 les lois applicables le permettent, Textes Joyeux Anniversaire ne peut \u00eatre tenu responsable des Commentaires ou de toute responsabilit\u00e9, de tout dommage ou de toute d\u00e9pense caus\u00e9s et\/ou subis \u00e0 la suite de l&#8217;utilisation et\/ou de l&#8217;affichage et\/ou de la parution des Commentaires sur ce site Web.<\/p>\n<p>Textes Joyeux Anniversaire se r\u00e9serve le droit de surveiller tous les Commentaires et de supprimer tout Commentaire pouvant \u00eatre consid\u00e9r\u00e9 comme inappropri\u00e9, offensant ou entra\u00eenant une violation des pr\u00e9sentes Conditions G\u00e9n\u00e9rales.<\/p>\n<p>Vous garantissez et d\u00e9clarez que :<\/p>\n<ul>\n<li>Vous \u00eates autoris\u00e9 \u00e0 publier les Commentaires sur notre site web et disposez de toutes les licences et autorisations n\u00e9cessaires pour le faire ;<\/li>\n<li>Les Commentaires ne portent atteinte \u00e0 aucun droit de propri\u00e9t\u00e9 intellectuelle, <br \/>y compris, sans limitation, les droits d&#8217;auteur, les brevets ou les marques de commerce de tout tiers ;<\/li>\n<li>Les Commentaires ne contiennent aucun \u00e9l\u00e9ment diffamatoire, calomnieux, offensant, ind\u00e9cent ou autrement ill\u00e9gal qui constitue une atteinte \u00e0 la vie priv\u00e9e.<\/li>\n<li>Les Commentaires ne seront pas utilis\u00e9s pour solliciter ou promouvoir des affaires ou des coutumes ou pr\u00e9senter des activit\u00e9s commerciales ou des activit\u00e9s ill\u00e9gales.<\/li>\n<\/ul>\n<p>Vous accordez par la pr\u00e9sente \u00e0 Textes Joyeux Anniversaire une licence non exclusive pour utiliser, reproduire, \u00e9diter et autoriser d&#8217;autres personnes \u00e0 utiliser, reproduire et \u00e9diter l&#8217;un de vos commentaires sous toutes les formes, tous les formats ou tous les m\u00e9dias.<\/p>\n<p>Hyperliens vers notre contenu<br \/>Les organisations suivantes peuvent cr\u00e9er des liens vers notre site Web sans autorisation \u00e9crite pr\u00e9alable :<\/p>\n<ul>\n<li>Agences gouvernementales ;<\/li>\n<li>Moteurs de recherche ;<\/li>\n<li>Organismes de presse ;<\/li>\n<li>Les distributeurs d&#8217;annuaires en ligne peuvent cr\u00e9er des liens vers notre site Web de la m\u00eame mani\u00e8re qu&#8217;ils cr\u00e9ent des hyperliens vers les sites Web d&#8217;autres entreprises r\u00e9pertori\u00e9es ; et<\/li>\n<li>Les entreprises accr\u00e9dit\u00e9es \u00e0 l&#8217;\u00e9chelle du syst\u00e8me, \u00e0 l&#8217;exception des organisations \u00e0 but non lucratif, des centres commerciaux caritatifs et des groupes de collecte de fonds caritatifs, qui ne peuvent pas \u00e9tablir d&#8217;hyperlien vers notre site Web.<\/li>\n<\/ul>\n<p>Ces organisations peuvent cr\u00e9er des liens vers notre page d&#8217;accueil, vers des publications ou vers d&#8217;autres informations du site Web, \u00e0 condition que le lien ne soit pas trompeur : (a) ne soit en aucun cas trompeur ; (b) n&#8217;implique pas faussement le parrainage, l&#8217;approbation ou le soutien de la partie liante et de ses produits et\/ou services ; et (c) s&#8217;inscrive dans le contexte du site de la partie liante.<\/p>\n<p>Nous pouvons prendre en consid\u00e9ration et approuver d&#8217;autres demandes de liens provenant des types d&#8217;organisations suivants :<\/p>\n<ul>\n<li>les sources d&#8217;information commun\u00e9ment connues des consommateurs et\/ou des entreprises ;<\/li>\n<li>les sites communautaires dot.com<\/li>\n<li>les associations ou autres groupes repr\u00e9sentant des organisations caritatives ;<\/li>\n<li>distributeurs d&#8217;annuaires en ligne ;<\/li>\n<li>les portails Internet ;<\/li>\n<li>des cabinets comptables, juridiques et de conseil ; et<\/li>\n<li>des \u00e9tablissements d&#8217;enseignement et des associations professionnelles.<\/li>\n<\/ul>\n<p>Nous approuverons les demandes de liens de ces organisations si nous d\u00e9cidons que : (a) le lien ne nous donnera pas une image d\u00e9favorable de nous-m\u00eames ou de nos entreprises accr\u00e9dit\u00e9es ; (b) l&#8217;organisation n&#8217;a pas d&#8217;ant\u00e9c\u00e9dents n\u00e9gatifs avec nous ; (c) l&#8217;avantage pour nous de la visibilit\u00e9 de l&#8217;hyperlien compense l&#8217;absence de Textes Joyeux Anniversaire ; et (d) le lien est dans le contexte d&#8217;une information g\u00e9n\u00e9rale sur les ressources.<\/p>\n<p>Ces organisations peuvent \u00e9tablir un lien avec notre page d&#8217;accueil \u00e0 condition que ce lien : (a) ne soit en aucune fa\u00e7on trompeur ; (b) n&#8217;implique pas faussement le parrainage, l&#8217;approbation ou le soutien de la partie li\u00e9e et de ses produits ou services ; et (c) s&#8217;inscrive dans le contexte du site de la partie li\u00e9e.<\/p>\n<p>Si vous \u00eates l&#8217;une des organisations \u00e9num\u00e9r\u00e9es au paragraphe 2 ci-dessus et que vous souhaitez \u00e9tablir un lien avec notre site web, vous devez nous en informer en envoyant un courrier \u00e9lectronique \u00e0 Textes Joyeux Anniversaire. Veuillez inclure votre nom, le nom de votre organisation, vos coordonn\u00e9es ainsi que l&#8217;URL de votre site, une liste de toutes les URL \u00e0 partir desquelles vous avez l&#8217;intention de cr\u00e9er un lien vers notre site, et une liste des URL de notre site vers lesquelles vous souhaitez cr\u00e9er un lien. Attendez 2 \u00e0 3 semaines pour recevoir une r\u00e9ponse.<\/p>\n<ul>\n<li>Les organisations approuv\u00e9es peuvent cr\u00e9er des hyperliens vers notre site Web comme suit :<\/li>\n<li>par l&#8217;utilisation de notre d\u00e9nomination sociale ; ou<\/li>\n<li>par l&#8217;utilisation du localisateur de ressources uniforme vers lequel le lien est \u00e9tabli ; ou<\/li>\n<li>par l&#8217;utilisation de toute autre description de notre site Internet faisant l&#8217;objet du lien qui a un sens dans le contexte et le format du contenu du site de la partie liante.<\/li>\n<\/ul>\n<p>Aucune utilisation du logo ou d&#8217;autres illustrations de Textes Joyeux Anniversaire ne sera autoris\u00e9e pour la cr\u00e9ation de liens en l&#8217;absence d&#8217;un accord de licence de marque.<\/p>\n<p>iFrames<br \/>Sans autorisation pr\u00e9alable et \u00e9crite, il est interdit de cr\u00e9er des cadres autour de nos pages Web qui modifient de quelque mani\u00e8re que ce soit la pr\u00e9sentation visuelle ou l&#8217;apparence de notre site Web.<\/p>\n<p>Responsabilit\u00e9 du contenu<br \/>Nous ne pouvons \u00eatre tenus responsables du contenu qui appara\u00eet sur votre site Web. Vous acceptez de nous prot\u00e9ger et de nous d\u00e9fendre contre toutes les r\u00e9clamations qui s&#8217;\u00e9l\u00e8vent sur votre site Web. Aucun lien ne doit appara\u00eetre sur un site Web qui pourrait \u00eatre interpr\u00e9t\u00e9 comme \u00e9tant diffamatoire, obsc\u00e8ne ou criminel, ou qui enfreint, viole de quelque mani\u00e8re que ce soit, ou pr\u00e9conise l&#8217;enfreinte ou toute autre violation des droits d&#8217;un tiers.<\/p>\n<p>Votre vie priv\u00e9e<br \/>Veuillez lire la <a href=\"https:\/\/birthdaymessages.currentnewstimes.com\/fr\/politique-de-confidentialite\/\">politique de confidentialit\u00e9<\/a><\/p>\n<p>R\u00e9serve de droits<br \/>Nous nous r\u00e9servons le droit de vous demander de supprimer tous les liens ou tout lien particulier vers notre site Web. Vous acceptez de retirer imm\u00e9diatement tous les liens vers notre site Web sur demande. Nous nous r\u00e9servons \u00e9galement le droit de modifier \u00e0 tout moment les pr\u00e9sentes conditions g\u00e9n\u00e9rales et la politique en mati\u00e8re de liens. En cr\u00e9ant continuellement des liens vers notre site Web, vous acceptez d&#8217;\u00eatre li\u00e9 \u00e0 ces conditions et de les suivre.<\/p>\n<p>Suppression de liens sur notre site web<br \/>Si vous trouvez un lien sur notre site Web qui est offensant pour une raison quelconque, vous \u00eates libre de nous contacter et de nous en informer \u00e0 tout moment. Nous examinerons les demandes de suppression de liens, mais nous ne sommes pas oblig\u00e9s de le faire ou de vous r\u00e9pondre directement.<\/p>\n<p>Nous ne garantissons pas l&#8217;exactitude des informations contenues dans ce site web, ni leur exhaustivit\u00e9 ou leur pr\u00e9cision ; nous ne promettons pas non plus de garantir que le site web reste disponible ou que le mat\u00e9riel contenu dans le site web soit maintenu \u00e0 jour.<\/p>\n<p>Clause de non-responsabilit\u00e9<br \/>Dans la mesure maximale autoris\u00e9e par la loi applicable, nous excluons toutes les repr\u00e9sentations, garanties et conditions relatives \u00e0 notre site web et \u00e0 l&#8217;utilisation de celui-ci. Rien dans cet avis de non-responsabilit\u00e9 ne sera :<\/p>\n<ul>\n<li>limiter ou exclure notre ou votre responsabilit\u00e9 en cas de d\u00e9c\u00e8s ou de pr\u00e9judice corporel ;<\/li>\n<li>limiter ou exclure notre ou votre responsabilit\u00e9 en cas de fraude ou de d\u00e9claration frauduleuse ;<\/li>\n<li>limiter l&#8217;une quelconque de nos ou de vos responsabilit\u00e9s d&#8217;une mani\u00e8re qui n&#8217;est pas autoris\u00e9e par la loi applicable ; ou<\/li>\n<li>exclure l&#8217;une quelconque de nos ou de vos responsabilit\u00e9s qui ne peut \u00eatre exclue en vertu de la loi applicable.<\/li>\n<\/ul>\n<p>Les limitations et interdictions de responsabilit\u00e9 \u00e9nonc\u00e9es dans la pr\u00e9sente section et ailleurs dans le pr\u00e9sent avis de non-responsabilit\u00e9 : (a) sont soumises au paragraphe pr\u00e9c\u00e9dent ; et (b) r\u00e9gissent toutes les responsabilit\u00e9s d\u00e9coulant de l&#8217;avis de non-responsabilit\u00e9, y compris les responsabilit\u00e9s contractuelles, d\u00e9lictuelles et pour violation d&#8217;une obligation l\u00e9gale.<\/p>\n<p>Tant que le site web et les informations et services qu&#8217;il contient sont fournis gratuitement, nous ne serons pas responsables de toute perte ou dommage de quelque nature que ce soit.<\/p>\n","protected":false},"excerpt":{"rendered":"","protected":false},"author":2,"featured_media":0,"parent":0,"menu_order":0,"comment_status":"closed","ping_status":"closed","template":"","meta":[],"_links":{"self":[{"href":"https:\/\/birthdaymessages.currentnewstimes.com\/fr\/wp-json\/wp\/v2\/pages\/111"}],"collection":[{"href":"https:\/\/birthdaymessages.currentnewstimes.com\/fr\/wp-json\/wp\/v2\/pages"}],"about":[{"href":"https:\/\/birthdaymessages.currentnewstimes.com\/fr\/wp-json\/wp\/v2\/types\/page"}],"author":[{"embeddable":true,"href":"https:\/\/birthdaymessages.currentnewstimes.com\/fr\/wp-json\/wp\/v2\/users\/2"}],"replies":[{"embeddable":true,"href":"https:\/\/birthdaymessages.currentnewstimes.com\/fr\/wp-json\/wp\/v2\/comments?post=111"}],"version-history":[{"count":1,"href":"https:\/\/birthdaymessages.currentnewstimes.com\/fr\/wp-json\/wp\/v2\/pages\/111\/revisions"}],"predecessor-version":[{"id":112,"href":"https:\/\/birthdaymessages.currentnewstimes.com\/fr\/wp-json\/wp\/v2\/pages\/111\/revisions\/112"}],"wp:attachment":[{"href":"https:\/\/birthdaymessages.currentnewstimes.com\/fr\/wp-json\/wp\/v2\/media?parent=111"}],"curies":[{"name":"wp","href":"https:\/\/api.w.org\/{rel}","templated":true}]}}