{"id":167,"date":"2021-08-04T17:35:41","date_gmt":"2021-08-04T17:35:41","guid":{"rendered":"https:\/\/birthdaymessages.currentnewstimes.com\/fi\/?page_id=167"},"modified":"2021-08-04T17:35:45","modified_gmt":"2021-08-04T17:35:45","slug":"vastuuvapauslauseke","status":"publish","type":"page","link":"https:\/\/birthdaymessages.currentnewstimes.com\/fi\/vastuuvapauslauseke\/","title":{"rendered":"Vastuuvapauslauseke"},"content":{"rendered":"\n<p><span style=\"font-size: 14pt;\">Jos tarvitset lis\u00e4tietoja tai sinulla on kysytt\u00e4v\u00e4\u00e4 sivustomme vastuuvapauslausekkeesta, voit ottaa meihin yhteytt\u00e4 s\u00e4hk\u00f6postitse osoitteeseen <strong>pushkaragarwalcnt@gmail.com.<\/strong><\/span><\/p>\n<p><strong><span style=\"font-size: 18pt;\">Vastuuvapauslausekkeet yritykselle Syntym\u00e4p\u00e4iv\u00e4onnittelut<\/span><\/strong><\/p>\n<p><br \/><span style=\"font-size: 14pt;\">Kaikki t\u00e4ll\u00e4 verkkosivustolla &#8211; <a href=\"https:\/\/birthdaymessages.currentnewstimes.com\/fi\/\">https:\/\/birthdaymessages.currentnewstimes.com\/fi\/<\/a> &#8211; olevat tiedot julkaistaan vilpitt\u00f6m\u00e4ss\u00e4 mieless\u00e4 ja ainoastaan yleiseen tiedotustarkoitukseen. Syntym\u00e4p\u00e4iv\u00e4onnittelut ei anna mit\u00e4\u00e4n takuita n\u00e4iden tietojen t\u00e4ydellisyydest\u00e4, luotettavuudesta ja tarkkuudesta. Kaikki toimet, jotka teet t\u00e4ll\u00e4 verkkosivustolla (Syntym\u00e4p\u00e4iv\u00e4onnittelut) olevien tietojen perusteella, tapahtuvat t\u00e4ysin omalla vastuullasi. Syntym\u00e4p\u00e4iv\u00e4onnittelut ei vastaa mist\u00e4\u00e4n tappioista ja\/tai vahingoista, jotka liittyv\u00e4t verkkosivustomme k\u00e4ytt\u00f6\u00f6n.<\/span><\/p>\n<p><span style=\"font-size: 14pt;\">Verkkosivustoltamme voit vierailla muilla verkkosivustoilla seuraamalla hyperlinkkej\u00e4 t\u00e4llaisille ulkoisille sivustoille. Vaikka pyrimme tarjoamaan vain laadukkaita linkkej\u00e4 hy\u00f6dyllisille ja eettisesti hyv\u00e4ksytt\u00e4ville verkkosivustoille, emme voi valvoa n\u00e4iden sivustojen sis\u00e4lt\u00f6\u00e4 ja luonnetta. N\u00e4m\u00e4 linkit muille verkkosivustoille eiv\u00e4t tarkoita, ett\u00e4 suosittelisimme kaikkea n\u00e4ill\u00e4 sivustoilla olevaa sis\u00e4lt\u00f6\u00e4. Sivustojen omistajat ja sis\u00e4lt\u00f6 voivat muuttua ilman ennakkoilmoitusta, ja se voi tapahtua ennen kuin meill\u00e4 on mahdollisuus poistaa linkki, joka on saattanut menn\u00e4 &#8220;huonoksi&#8221;.<\/span><\/p>\n<p><span style=\"font-size: 14pt;\">Huomaa my\u00f6s, ett\u00e4 kun poistut verkkosivustoltamme, muilla sivustoilla voi olla erilaiset tietosuojak\u00e4yt\u00e4nn\u00f6t ja -ehdot, joihin emme voi vaikuttaa. Muista tarkistaa n\u00e4iden sivustojen tietosuojak\u00e4yt\u00e4nn\u00f6t sek\u00e4 niiden &#8220;k\u00e4ytt\u00f6ehdot&#8221; ennen kuin ryhdyt liiketoimintaan tai lataat tietoja.<\/span><\/p>\n<p><strong><span style=\"font-size: 18pt;\">Suostumus<\/span><\/strong><br \/><span style=\"font-size: 14pt;\">K\u00e4ytt\u00e4m\u00e4ll\u00e4 verkkosivustoamme hyv\u00e4ksyt t\u00e4ten vastuuvapauslausekkeemme ja hyv\u00e4ksyt sen ehdot.<\/span><\/p>\n<p><strong><span style=\"font-size: 18pt;\">P\u00e4ivitys<\/span><\/strong><br \/><span style=\"font-size: 14pt;\">Jos p\u00e4ivit\u00e4mme, t\u00e4ydenn\u00e4mme tai teemme muutoksia t\u00e4h\u00e4n asiakirjaan, muutokset ilmoitetaan n\u00e4kyv\u00e4sti t\u00e4\u00e4ll\u00e4.<\/span><\/p>\n","protected":false},"excerpt":{"rendered":"","protected":false},"author":1,"featured_media":0,"parent":0,"menu_order":0,"comment_status":"closed","ping_status":"closed","template":"","meta":{"footnotes":""},"class_list":["post-167","page","type-page","status-publish","hentry"],"_links":{"self":[{"href":"https:\/\/birthdaymessages.currentnewstimes.com\/fi\/wp-json\/wp\/v2\/pages\/167","targetHints":{"allow":["GET"]}}],"collection":[{"href":"https:\/\/birthdaymessages.currentnewstimes.com\/fi\/wp-json\/wp\/v2\/pages"}],"about":[{"href":"https:\/\/birthdaymessages.currentnewstimes.com\/fi\/wp-json\/wp\/v2\/types\/page"}],"author":[{"embeddable":true,"href":"https:\/\/birthdaymessages.currentnewstimes.com\/fi\/wp-json\/wp\/v2\/users\/1"}],"replies":[{"embeddable":true,"href":"https:\/\/birthdaymessages.currentnewstimes.com\/fi\/wp-json\/wp\/v2\/comments?post=167"}],"version-history":[{"count":1,"href":"https:\/\/birthdaymessages.currentnewstimes.com\/fi\/wp-json\/wp\/v2\/pages\/167\/revisions"}],"predecessor-version":[{"id":168,"href":"https:\/\/birthdaymessages.currentnewstimes.com\/fi\/wp-json\/wp\/v2\/pages\/167\/revisions\/168"}],"wp:attachment":[{"href":"https:\/\/birthdaymessages.currentnewstimes.com\/fi\/wp-json\/wp\/v2\/media?parent=167"}],"curies":[{"name":"wp","href":"https:\/\/api.w.org\/{rel}","templated":true}]}}