{"id":165,"date":"2021-08-04T17:30:29","date_gmt":"2021-08-04T17:30:29","guid":{"rendered":"https:\/\/birthdaymessages.currentnewstimes.com\/fi\/?page_id=165"},"modified":"2021-08-04T17:30:34","modified_gmt":"2021-08-04T17:30:34","slug":"verkkosivuston-kayttoehdot-ja-ehdot","status":"publish","type":"page","link":"https:\/\/birthdaymessages.currentnewstimes.com\/fi\/verkkosivuston-kayttoehdot-ja-ehdot\/","title":{"rendered":"Verkkosivuston k\u00e4ytt\u00f6ehdot ja -ehdot"},"content":{"rendered":"\n<p><strong><span style=\"font-size: 18pt;\">1. Ehdot<\/span><\/strong><br \/><span style=\"font-size: 14pt;\">K\u00e4ytt\u00e4m\u00e4ll\u00e4 t\u00e4t\u00e4 verkkosivustoa, johon p\u00e4\u00e4see osoitteesta<a href=\"https:\/\/birthdaymessages.currentnewstimes.com\/fi\/\"> https:\/\/birthdaymessages.currentnewstimes.com\/fi\/<\/a>, hyv\u00e4ksyt, ett\u00e4 n\u00e4m\u00e4 verkkosivuston k\u00e4ytt\u00f6ehdot sitovat sinua, ja hyv\u00e4ksyt, ett\u00e4 olet vastuussa siit\u00e4, ett\u00e4 noudatat kaikkia sovellettavia paikallisia lakeja. Jos et hyv\u00e4ksy mit\u00e4\u00e4n n\u00e4ist\u00e4 ehdoista, sinua kiellet\u00e4\u00e4n k\u00e4ytt\u00e4m\u00e4st\u00e4 t\u00e4t\u00e4 sivustoa. T\u00e4m\u00e4n verkkosivuston sis\u00e4lt\u00e4m\u00e4 materiaali on suojattu tekij\u00e4noikeus- ja tavaramerkkilailla.<\/span><\/p>\n<p><strong><span style=\"font-size: 18pt;\">2. K\u00e4ytt\u00f6lupa<\/span><\/strong><br \/><span style=\"font-size: 14pt;\">Lupa my\u00f6nnet\u00e4\u00e4n tilap\u00e4isesti ladata yksi kopio Syntym\u00e4p\u00e4iv\u00e4onnittelut-sivuston aineistosta vain henkil\u00f6kohtaista, ei-kaupallista, v\u00e4liaikaista katselua varten. Kyseess\u00e4 on k\u00e4ytt\u00f6oikeuden my\u00f6nt\u00e4minen, ei omistusoikeuden siirto, ja t\u00e4m\u00e4n k\u00e4ytt\u00f6oikeuden nojalla et saa:<\/span><\/p>\n<ul>\n<li><span style=\"font-size: 14pt;\">muuttaa tai kopioida aineistoa;<\/span><\/li>\n<li><span style=\"font-size: 14pt;\">k\u00e4ytt\u00e4\u00e4 aineistoa kaupallisiin tarkoituksiin tai julkiseen esitt\u00e4miseen;<\/span><br \/><span style=\"font-size: 14pt;\">yritt\u00e4\u00e4 k\u00e4\u00e4nteismuunnella mit\u00e4\u00e4n Syntym\u00e4p\u00e4iv\u00e4onnittelut-sivuston sis\u00e4lt\u00e4mi\u00e4 ohjelmistoja;<\/span><\/li>\n<li><span style=\"font-size: 14pt;\">poistaa aineistosta tekij\u00e4noikeus- tai muita omistusoikeusmerkint\u00f6j\u00e4; tai<\/span><\/li>\n<li><span style=\"font-size: 14pt;\">siirt\u00e4\u00e4 aineistoa toiselle henkil\u00f6lle tai &#8220;peilata&#8221; aineistoa jollekin toiselle palvelimelle.<\/span><\/li>\n<\/ul>\n<p><span style=\"font-size: 14pt;\">T\u00e4m\u00e4 antaa Syntym\u00e4p\u00e4iv\u00e4onnittelut irtisanoa, kun rikkoo mit\u00e4 tahansa n\u00e4ist\u00e4 rajoituksista. Irtisanomisen yhteydess\u00e4 my\u00f6s katseluoikeutesi p\u00e4\u00e4ttyy, ja sinun tulee tuhota kaikki hallussasi olevat ladatut materiaalit, olivatpa ne sitten painetussa tai s\u00e4hk\u00f6isess\u00e4 muodossa.<\/span><\/p>\n<p><strong><span style=\"font-size: 18pt;\">3. Vastuuvapauslauseke<\/span><\/strong><br \/><span style=\"font-size: 14pt;\">Kaikki Syntym\u00e4p\u00e4iv\u00e4onnittelut-sivuston aineisto tarjotaan &#8220;sellaisena kuin se on&#8221;. Syntym\u00e4p\u00e4iv\u00e4onnittelut ei anna mit\u00e4\u00e4n takuita, voi se olla ilmaistuja tai hiljaisia, ja n\u00e4in ollen mit\u00e4t\u00f6i kaikki muut takuut. Lis\u00e4ksi Syntym\u00e4p\u00e4iv\u00e4onnittelut ei anna mit\u00e4\u00e4n vakuutuksia Sivustollaan olevien aineistojen tarkkuudesta tai luotettavuudesta tai muusta t\u00e4llaisiin aineistoihin tai t\u00e4h\u00e4n Sivustoon linkitetyille sivustoille liittyv\u00e4st\u00e4 k\u00e4yt\u00f6st\u00e4.<\/span><\/p>\n<p><strong><span style=\"font-size: 18pt;\">4. Rajoitukset<\/span><\/strong><br \/><span style=\"font-size: 14pt;\">Syntym\u00e4p\u00e4iv\u00e4onnittelut tai sen toimittajat eiv\u00e4t ole vastuussa mist\u00e4\u00e4n vahingoista, jotka aiheutuvat Syntym\u00e4p\u00e4iv\u00e4onnittelutin verkkosivuston materiaalien k\u00e4yt\u00f6st\u00e4 tai kyvytt\u00f6myydest\u00e4 k\u00e4ytt\u00e4\u00e4 niit\u00e4, vaikka Syntym\u00e4p\u00e4iv\u00e4onnittelutille tai t\u00e4m\u00e4n verkkosivuston valtuutetulle edustajalle olisi ilmoitettu suullisesti tai kirjallisesti t\u00e4llaisen vahingon mahdollisuudesta. Jotkin laink\u00e4ytt\u00f6alueet eiv\u00e4t salli implisiittisten takuiden rajoituksia tai satunnaisia vahinkoja koskevan vastuun rajoituksia, n\u00e4m\u00e4 rajoitukset eiv\u00e4t v\u00e4ltt\u00e4m\u00e4tt\u00e4 koske sinua.<\/span><\/p>\n<p><span style=\"font-size: 18pt;\"><strong>5. Tarkistukset ja virheet<\/strong><\/span><br \/><span style=\"font-size: 14pt;\">Syntym\u00e4p\u00e4iv\u00e4onnittelut-sivustolla esiintyv\u00e4ss\u00e4 aineistossa voi olla teknisi\u00e4, typografisia tai valokuvavirheit\u00e4. Syntym\u00e4p\u00e4iv\u00e4onnittelut ei lupaa, ett\u00e4 mik\u00e4\u00e4n t\u00e4ll\u00e4 Verkkosivustolla olevista materiaaleista on tarkka, t\u00e4ydellinen tai ajantasainen. Syntym\u00e4p\u00e4iv\u00e4onnittelut voi muuttaa verkkosivustonsa aineistoa milloin tahansa ilman ennakkoilmoitusta. Syntym\u00e4p\u00e4iv\u00e4onnittelut ei sitoudu p\u00e4ivitt\u00e4m\u00e4\u00e4n aineistoa.<\/span><\/p>\n<p><strong><span style=\"font-size: 18pt;\">6. Linkit<\/span><\/strong><br \/><span style=\"font-size: 14pt;\">Syntym\u00e4p\u00e4iv\u00e4onnittelut ei ole tarkistanut kaikkia sen Verkkosivustoon linkitettyj\u00e4 sivustoja eik\u00e4 vastaa mink\u00e4\u00e4n linkitetyn sivuston sis\u00e4ll\u00f6st\u00e4. Mink\u00e4\u00e4n linkin olemassaolo ei tarkoita, ett\u00e4 Syntym\u00e4p\u00e4iv\u00e4onnittelut hyv\u00e4ksyisi kyseist\u00e4 sivustoa. Linkitettyjen sivustojen k\u00e4ytt\u00f6 tapahtuu k\u00e4ytt\u00e4j\u00e4n omalla vastuulla.<\/span><\/p>\n<p><strong><span style=\"font-size: 18pt;\">7. Sivuston k\u00e4ytt\u00f6ehtojen muutokset<\/span><\/strong><br \/><span style=\"font-size: 14pt;\">Syntym\u00e4p\u00e4iv\u00e4onnittelut voi tarkistaa n\u00e4it\u00e4 verkkosivustonsa k\u00e4ytt\u00f6ehtoja milloin tahansa ilman ennakkoilmoitusta. K\u00e4ytt\u00e4m\u00e4ll\u00e4 t\u00e4t\u00e4 Sivustoa hyv\u00e4ksyt n\u00e4iden k\u00e4ytt\u00f6ehtojen kulloinkin voimassa olevan version.<\/span><\/p>\n<p><strong><span style=\"font-size: 18pt;\">8. Tietosuojasi<\/span><\/strong><br \/><span style=\"font-size: 14pt;\">Lue tietosuojaselosteemme.<\/span><\/p>\n<p><strong><span style=\"font-size: 18pt;\">9. Sovellettava laki<\/span><\/strong><br \/><span style=\"font-size: 14pt;\">Kaikkiin Syntym\u00e4p\u00e4iv\u00e4onnittelut-sivu<\/span>stoon liittyviin vaateisiin sovelletaan fi:n lakeja ottamatta huomioon lainvalintas\u00e4\u00e4nn\u00f6ksi\u00e4.<\/p>\n","protected":false},"excerpt":{"rendered":"","protected":false},"author":1,"featured_media":0,"parent":0,"menu_order":0,"comment_status":"closed","ping_status":"closed","template":"","meta":{"footnotes":""},"class_list":["post-165","page","type-page","status-publish","hentry"],"_links":{"self":[{"href":"https:\/\/birthdaymessages.currentnewstimes.com\/fi\/wp-json\/wp\/v2\/pages\/165","targetHints":{"allow":["GET"]}}],"collection":[{"href":"https:\/\/birthdaymessages.currentnewstimes.com\/fi\/wp-json\/wp\/v2\/pages"}],"about":[{"href":"https:\/\/birthdaymessages.currentnewstimes.com\/fi\/wp-json\/wp\/v2\/types\/page"}],"author":[{"embeddable":true,"href":"https:\/\/birthdaymessages.currentnewstimes.com\/fi\/wp-json\/wp\/v2\/users\/1"}],"replies":[{"embeddable":true,"href":"https:\/\/birthdaymessages.currentnewstimes.com\/fi\/wp-json\/wp\/v2\/comments?post=165"}],"version-history":[{"count":1,"href":"https:\/\/birthdaymessages.currentnewstimes.com\/fi\/wp-json\/wp\/v2\/pages\/165\/revisions"}],"predecessor-version":[{"id":166,"href":"https:\/\/birthdaymessages.currentnewstimes.com\/fi\/wp-json\/wp\/v2\/pages\/165\/revisions\/166"}],"wp:attachment":[{"href":"https:\/\/birthdaymessages.currentnewstimes.com\/fi\/wp-json\/wp\/v2\/media?parent=165"}],"curies":[{"name":"wp","href":"https:\/\/api.w.org\/{rel}","templated":true}]}}