{"id":163,"date":"2021-08-04T17:25:42","date_gmt":"2021-08-04T17:25:42","guid":{"rendered":"https:\/\/birthdaymessages.currentnewstimes.com\/fi\/?page_id=163"},"modified":"2021-08-04T17:25:48","modified_gmt":"2021-08-04T17:25:48","slug":"tietosuojakaytanto","status":"publish","type":"page","link":"https:\/\/birthdaymessages.currentnewstimes.com\/fi\/tietosuojakaytanto\/","title":{"rendered":"Tietosuojak\u00e4yt\u00e4nt\u00f6"},"content":{"rendered":"\n<p><span style=\"font-size: 14pt;\">Syntym\u00e4p\u00e4iv\u00e4onnittelut, joihin p\u00e4\u00e4see osoitteesta <a href=\"https:\/\/birthdaymessages.currentnewstimes.com\/fi\/\">https:\/\/birthdaymessages.currentnewstimes.com\/fi\/<\/a>, yksi t\u00e4rkeimmist\u00e4 prioriteeteistamme on k\u00e4vij\u00f6idemme yksityisyys. T\u00e4m\u00e4 tietosuojak\u00e4yt\u00e4nt\u00f6asiakirja sis\u00e4lt\u00e4\u00e4 tietoa, jota Syntym\u00e4p\u00e4iv\u00e4onnittelut ker\u00e4\u00e4v\u00e4t ja tallentavat, ja miten k\u00e4yt\u00e4mme sit\u00e4.<\/span><\/p>\n<p><span style=\"font-size: 14pt;\">Jos sinulla on lis\u00e4kysymyksi\u00e4 tai tarvitset lis\u00e4tietoja tietosuojaselosteestamme, ota meihin yhteytt\u00e4.<\/span><\/p>\n<p><span style=\"font-size: 14pt;\">T\u00e4m\u00e4 tietosuojak\u00e4yt\u00e4nt\u00f6 koskee vain online-toimintaamme, ja se on voimassa verkkosivujemme k\u00e4vij\u00f6ille niiden tietojen osalta, jotka he jakavat ja\/tai ker\u00e4\u00e4v\u00e4t Syntym\u00e4p\u00e4iv\u00e4onnittelut. T\u00e4t\u00e4 k\u00e4yt\u00e4nt\u00f6\u00e4 ei sovelleta offline-tilassa tai muiden kanavien kuin t\u00e4m\u00e4n verkkosivuston kautta ker\u00e4ttyihin tietoihin.\u00a0<\/span><\/p>\n<p><strong><span style=\"font-size: 18pt;\">Suostumus<\/span><\/strong><br \/><span style=\"font-size: 14pt;\">K\u00e4ytt\u00e4m\u00e4ll\u00e4 verkkosivustoamme hyv\u00e4ksyt t\u00e4ten tietosuojak\u00e4yt\u00e4nt\u00f6mme ja hyv\u00e4ksyt sen ehdot.<\/span><\/p>\n<p><strong><span style=\"font-size: 18pt;\">Ker\u00e4\u00e4m\u00e4mme tiedot<\/span><\/strong><br \/><span style=\"font-size: 14pt;\">Henkil\u00f6tiedot, joita sinua pyydet\u00e4\u00e4n antamaan, ja syyt, miksi sinua pyydet\u00e4\u00e4n antamaan niit\u00e4, tehd\u00e4\u00e4n sinulle selv\u00e4ksi siin\u00e4 vaiheessa, kun pyyd\u00e4mme sinua antamaan henkil\u00f6tietojasi.<\/span><\/p>\n<p><span style=\"font-size: 14pt;\">Jos otat meihin suoraan yhteytt\u00e4, saatamme saada sinusta lis\u00e4tietoja, kuten nimesi, s\u00e4hk\u00f6postiosoitteesi, puhelinnumerosi, meille l\u00e4hett\u00e4m\u00e4si viestin ja\/tai liitteiden sis\u00e4ll\u00f6n sek\u00e4 kaikki muut tiedot, jotka haluat antaa.<\/span><\/p>\n<p><span style=\"font-size: 14pt;\">Kun rekister\u00f6idyt tili\u00e4 varten, saatamme pyyt\u00e4\u00e4 yhteystietojasi, kuten nime\u00e4, yrityksen nime\u00e4, osoitetta, s\u00e4hk\u00f6postiosoitetta ja puhelinnumeroa.<\/span><\/p>\n<p><strong><span style=\"font-size: 18pt;\">Miten k\u00e4yt\u00e4mme tietojasi<\/span><\/strong><br \/><span style=\"font-size: 14pt;\">K\u00e4yt\u00e4mme ker\u00e4\u00e4mi\u00e4mme tietoja eri tavoin, muun muassa seuraaviin tarkoituksiin:<\/span><\/p>\n<ul>\n<li><span style=\"font-size: 14pt;\">Verkkosivustomme tarjoaminen, k\u00e4ytt\u00f6 ja yll\u00e4pito<\/span><\/li>\n<li><span style=\"font-size: 14pt;\">Parantaa, personoida ja laajentaa verkkosivustoamme.<\/span><\/li>\n<li><span style=\"font-size: 14pt;\">ymm\u00e4rt\u00e4m\u00e4\u00e4n ja analysoimaan, miten k\u00e4yt\u00e4t verkkosivustoamme.<\/span><\/li>\n<li><span style=\"font-size: 14pt;\">Kehitt\u00e4\u00e4ksemme uusia tuotteita, palveluja, ominaisuuksia ja toimintoja.<\/span><\/li>\n<li><span style=\"font-size: 14pt;\">yhteydenpito kanssasi joko suoraan tai jonkin yhteisty\u00f6kumppanimme kautta, mukaan lukien asiakaspalvelu, p\u00e4ivitysten ja muiden verkkosivustoon liittyvien tietojen toimittaminen sinulle sek\u00e4 markkinointi- ja myynninedist\u00e4mistarkoituksiin.<\/span><\/li>\n<li><span style=\"font-size: 14pt;\">l\u00e4hett\u00e4\u00e4 sinulle s\u00e4hk\u00f6posteja<\/span><\/li>\n<li><span style=\"font-size: 14pt;\">petosten l\u00f6yt\u00e4miseksi ja est\u00e4miseksi<\/span><\/li>\n<li><span style=\"font-size: 14pt;\">Lokitiedostot<\/span><\/li>\n<\/ul>\n<p><br \/><span style=\"font-size: 14pt;\">Syntym\u00e4p\u00e4iv\u00e4onnittelut noudattaa vakiomenettely\u00e4 lokitiedostojen k\u00e4yt\u00f6ss\u00e4. N\u00e4m\u00e4 tiedostot kirjaavat k\u00e4vij\u00e4t, kun he vierailevat verkkosivustoilla. Kaikki hosting-yritykset tekev\u00e4t n\u00e4in ja se on osa hosting-palveluiden analytiikkaa. Lokitiedostojen ker\u00e4\u00e4miin tietoihin kuuluvat IP-osoitteet, selaimen tyyppi, Internet-palveluntarjoaja, p\u00e4iv\u00e4m\u00e4\u00e4r\u00e4- ja aikaleima, viittaavat\/poistuvat sivut ja mahdollisesti klikkausten m\u00e4\u00e4r\u00e4. N\u00e4it\u00e4 tietoja ei yhdistet\u00e4 mihink\u00e4\u00e4n henkil\u00f6kohtaisesti tunnistettaviin tietoihin. Tietojen tarkoituksena on analysoida suuntauksia, hallinnoida sivustoa, seurata k\u00e4ytt\u00e4jien liikkumista sivustolla ja ker\u00e4t\u00e4 demografisia tietoja.<\/span><\/p>\n<p><strong><span style=\"font-size: 18pt;\">Ev\u00e4steet ja verkkoj\u00e4ljitteet<\/span><\/strong><br \/><span style=\"font-size: 14pt;\">Kuten mik\u00e4 tahansa muu verkkosivusto, Syntym\u00e4p\u00e4iv\u00e4onnittelut k\u00e4ytt\u00e4\u00e4 &#8220;ev\u00e4steit\u00e4&#8221;. N\u00e4it\u00e4 ev\u00e4steit\u00e4 k\u00e4ytet\u00e4\u00e4n tallentamaan tietoja, mukaan lukien k\u00e4vij\u00f6iden mieltymykset ja verkkosivut, joita k\u00e4vij\u00e4 k\u00e4ytti tai joilla h\u00e4n vieraili. Tietoja k\u00e4ytet\u00e4\u00e4n k\u00e4ytt\u00e4jien kokemuksen optimoimiseksi mukauttamalla verkkosivujen sis\u00e4lt\u00f6\u00e4 k\u00e4vij\u00f6iden selaintyypin ja\/tai muiden tietojen perusteella.<\/span><\/p>\n<p><span style=\"font-size: 14pt;\">Yleisemp\u00e4\u00e4 tietoa ev\u00e4steist\u00e4 on kohdassa &#8220;Mit\u00e4 ev\u00e4steet ovat&#8221;.<\/span><\/p>\n<p><strong><span style=\"font-size: 18pt;\">Google DoubleClick DART-ev\u00e4ste<\/span><\/strong><br \/><span style=\"font-size: 14pt;\">Google on yksi sivustomme kolmannen osapuolen myyjist\u00e4. Se k\u00e4ytt\u00e4\u00e4 my\u00f6s ev\u00e4steit\u00e4, jotka tunnetaan nimell\u00e4 DART-ev\u00e4steet, palvelemaan mainoksia sivustomme k\u00e4vij\u00f6ille, jotka perustuvat heid\u00e4n vierailuunsa osoitteessa www.website.com ja muilla sivustoilla internetiss\u00e4. K\u00e4vij\u00e4t voivat kuitenkin halutessaan kielt\u00e4\u00e4 DART-ev\u00e4steiden k\u00e4yt\u00f6n vierailemalla Googlen mainos- ja sis\u00e4lt\u00f6verkoston tietosuojak\u00e4yt\u00e4nn\u00f6ss\u00e4 seuraavassa URL-osoitteessa &#8211; <a href=\"https:\/\/policies.google.com\/technologies\/ads\" target=\"_blank\" rel=\"noopener\">https:\/\/policies.google.com\/technologies\/ads<\/a>.<\/span><\/p>\n<p><strong><span style=\"font-size: 18pt;\">Mainoskumppanit Tietosuojaselosteet<\/span><\/strong><br \/><span style=\"font-size: 14pt;\">Voit tutustua t\u00e4h\u00e4n luetteloon l\u00f6yt\u00e4\u00e4ksesi kunkin Syntym\u00e4p\u00e4iv\u00e4onnittelut-mainontakumppanin tietosuojak\u00e4yt\u00e4nn\u00f6n.<\/span><\/p>\n<p><span style=\"font-size: 14pt;\">Kolmannen osapuolen mainospalvelimet tai mainosverkostot k\u00e4ytt\u00e4v\u00e4t tekniikoita, kuten ev\u00e4steit\u00e4, JavaScripti\u00e4 tai Web Beaconeja, joita k\u00e4ytet\u00e4\u00e4n niiden mainoksissa ja linkeiss\u00e4, jotka n\u00e4kyv\u00e4t Syntym\u00e4p\u00e4iv\u00e4onnittelut-sivustolla ja jotka l\u00e4hetet\u00e4\u00e4n suoraan k\u00e4ytt\u00e4jien selaimelle. Ne saavat automaattisesti IP-osoitteesi, kun t\u00e4m\u00e4 tapahtuu. N\u00e4it\u00e4 tekniikoita k\u00e4ytet\u00e4\u00e4n mittaamaan niiden mainoskampanjoiden tehokkuutta ja\/tai personoimaan mainossis\u00e4lt\u00f6\u00e4, jota n\u00e4et verkkosivustoilla, joilla vierailet.<\/span><\/p>\n<p><span style=\"font-size: 14pt;\">Huomaa, ett\u00e4 Syntym\u00e4p\u00e4iv\u00e4onnittelut ei p\u00e4\u00e4se k\u00e4siksi n\u00e4ihin kolmannen osapuolen mainostajien k\u00e4ytt\u00e4miin ev\u00e4steisiin eik\u00e4 voi valvoa niit\u00e4.<\/span><\/p>\n<p><strong><span style=\"font-size: 18pt;\">Kolmansien osapuolten tietosuojak\u00e4yt\u00e4nn\u00f6t<\/span><\/strong><br \/><span style=\"font-size: 14pt;\">Syntym\u00e4p\u00e4iv\u00e4onnittelutin tietosuojak\u00e4yt\u00e4nt\u00f6 ei koske muita mainostajia tai verkkosivustoja. N\u00e4in ollen kehotamme sinua tutustumaan n\u00e4iden kolmansien osapuolten mainospalvelimien tietosuojak\u00e4yt\u00e4nt\u00f6ihin tarkempia tietoja varten. Se voi sis\u00e4lt\u00e4\u00e4 niiden k\u00e4yt\u00e4nn\u00f6t ja ohjeet siit\u00e4, miten tietyist\u00e4 vaihtoehdoista voi kielt\u00e4yty\u00e4.<\/span><\/p>\n<p><span style=\"font-size: 14pt;\">Voit halutessasi poistaa ev\u00e4steet k\u00e4yt\u00f6st\u00e4 yksitt\u00e4isen selaimesi asetusten kautta. Tarkempia tietoja ev\u00e4steiden hallinnasta tietyill\u00e4 selaimilla saat selainten omilta verkkosivuilta.<\/span><\/p>\n<p><strong><span style=\"font-size: 18pt;\">CCPA:n tietosuojaoikeudet (\u00c4l\u00e4 myy henkil\u00f6kohtaisia tietojani)<\/span><\/strong><br \/><span style=\"font-size: 14pt;\">CCPA:n mukaan kalifornialaisilla kuluttajilla on muiden oikeuksien ohella oikeus:<\/span><\/p>\n<p><span style=\"font-size: 14pt;\">vaatia, ett\u00e4 yritys, joka ker\u00e4\u00e4 kuluttajan henkil\u00f6tietoja, paljastaa, mihin luokkiin ja mink\u00e4laisia henkil\u00f6tietoja yritys on ker\u00e4nnyt kuluttajista.<\/span><\/p>\n<p><span style=\"font-size: 14pt;\">Pyyt\u00e4\u00e4 yrityst\u00e4 poistamaan kaikki kuluttajaa koskevat henkil\u00f6tiedot, jotka yritys on ker\u00e4nnyt.<\/span><\/p>\n<p><span style=\"font-size: 14pt;\">vaatia, ett\u00e4 yritys, joka myy kuluttajan henkil\u00f6tietoja, ei myy kuluttajan henkil\u00f6tietoja.<\/span><\/p>\n<p><span style=\"font-size: 14pt;\">Jos teet pyynn\u00f6n, meill\u00e4 on kuukausi aikaa vastata sinulle. Jos haluat k\u00e4ytt\u00e4\u00e4 jotakin n\u00e4ist\u00e4 oikeuksista, ota meihin yhteytt\u00e4.<\/span><\/p>\n<p><strong><span style=\"font-size: 18pt;\">GDPR-tietosuojaoikeudet<\/span><\/strong><br \/><span style=\"font-size: 14pt;\">Haluamme varmistaa, ett\u00e4 olet t\u00e4ysin tietoinen kaikista tietosuojaoikeuksistasi. Jokaisella k\u00e4ytt\u00e4j\u00e4ll\u00e4 on oikeus seuraaviin:<\/span><\/p>\n<p><span style=\"font-size: 14pt;\">Oikeus tutustua &#8211; Sinulla on oikeus pyyt\u00e4\u00e4 kopioita henkil\u00f6tiedoistasi. Saatamme peri\u00e4 t\u00e4st\u00e4 palvelusta pienen maksun.<\/span><\/p>\n<p><span style=\"font-size: 14pt;\">Oikeus tietojen oikaisemiseen &#8211; Sinulla on oikeus pyyt\u00e4\u00e4 meit\u00e4 oikaisemaan virheelliseksi katsomasi tiedot. Sinulla on my\u00f6s oikeus pyyt\u00e4\u00e4, ett\u00e4 t\u00e4ydenn\u00e4mme tietoja, joiden uskot olevan puutteellisia.<\/span><\/p>\n<p><span style=\"font-size: 14pt;\">Oikeus tietojen poistamiseen &#8211; Sinulla on tietyin edellytyksin oikeus pyyt\u00e4\u00e4 meit\u00e4 poistamaan henkil\u00f6tietosi.<\/span><\/p>\n<p><span style=\"font-size: 14pt;\">Oikeus k\u00e4sittelyn rajoittamiseen &#8211; Sinulla on oikeus pyyt\u00e4\u00e4, ett\u00e4 rajoitamme henkil\u00f6tietojesi k\u00e4sittely\u00e4 tietyin edellytyksin.<\/span><\/p>\n<p><span style=\"font-size: 14pt;\">Oikeus vastustaa k\u00e4sittely\u00e4 &#8211; Sinulla on oikeus vastustaa henkil\u00f6tietojesi k\u00e4sittely\u00e4 tietyin edellytyksin.<\/span><\/p>\n<p><span style=\"font-size: 14pt;\">Oikeus tietojen siirrett\u00e4vyyteen &#8211; Sinulla on oikeus pyyt\u00e4\u00e4, ett\u00e4 siirr\u00e4mme ker\u00e4\u00e4m\u00e4mme tiedot toiselle organisaatiolle tai suoraan sinulle tietyin edellytyksin.<\/span><\/p>\n<p><span style=\"font-size: 14pt;\">Jos teet pyynn\u00f6n, meill\u00e4 on yksi kuukausi aikaa vastata sinulle. Jos haluat k\u00e4ytt\u00e4\u00e4 jotakin n\u00e4ist\u00e4 oikeuksista, ota meihin yhteytt\u00e4.<\/span><\/p>\n<p><strong><span style=\"font-size: 18pt;\">Lasten tiedot<\/span><\/strong><br \/><span style=\"font-size: 14pt;\">Toinen painopistealueemme on lis\u00e4t\u00e4 lasten suojaa interneti\u00e4 k\u00e4ytett\u00e4ess\u00e4. Kannustamme vanhempia ja huoltajia tarkkailemaan, osallistumaan ja\/tai valvomaan ja ohjaamaan lasten verkkotoimintaa.<\/span><\/p>\n<p><span style=\"font-size: 14pt;\">Syntym\u00e4p\u00e4iv\u00e4onnittelut ei tietoisesti ker\u00e4\u00e4 henkil\u00f6tietoja alle 13-vuotiailta lapsilta. Jos uskot, ett\u00e4 lapsesi on antanut t\u00e4llaisia tietoja verkkosivustollamme, kehotamme sinua ottamaan v\u00e4litt\u00f6m\u00e4sti yhteytt\u00e4 meihin, ja teemme parhaamme poistaaksemme t\u00e4llaiset tiedot viipym\u00e4tt\u00e4 rekisterist\u00e4mme.<\/span><\/p>\n","protected":false},"excerpt":{"rendered":"","protected":false},"author":1,"featured_media":0,"parent":0,"menu_order":0,"comment_status":"closed","ping_status":"closed","template":"","meta":{"footnotes":""},"class_list":["post-163","page","type-page","status-publish","hentry"],"_links":{"self":[{"href":"https:\/\/birthdaymessages.currentnewstimes.com\/fi\/wp-json\/wp\/v2\/pages\/163","targetHints":{"allow":["GET"]}}],"collection":[{"href":"https:\/\/birthdaymessages.currentnewstimes.com\/fi\/wp-json\/wp\/v2\/pages"}],"about":[{"href":"https:\/\/birthdaymessages.currentnewstimes.com\/fi\/wp-json\/wp\/v2\/types\/page"}],"author":[{"embeddable":true,"href":"https:\/\/birthdaymessages.currentnewstimes.com\/fi\/wp-json\/wp\/v2\/users\/1"}],"replies":[{"embeddable":true,"href":"https:\/\/birthdaymessages.currentnewstimes.com\/fi\/wp-json\/wp\/v2\/comments?post=163"}],"version-history":[{"count":1,"href":"https:\/\/birthdaymessages.currentnewstimes.com\/fi\/wp-json\/wp\/v2\/pages\/163\/revisions"}],"predecessor-version":[{"id":164,"href":"https:\/\/birthdaymessages.currentnewstimes.com\/fi\/wp-json\/wp\/v2\/pages\/163\/revisions\/164"}],"wp:attachment":[{"href":"https:\/\/birthdaymessages.currentnewstimes.com\/fi\/wp-json\/wp\/v2\/media?parent=163"}],"curies":[{"name":"wp","href":"https:\/\/api.w.org\/{rel}","templated":true}]}}