{"id":160,"date":"2021-08-04T17:17:43","date_gmt":"2021-08-04T17:17:43","guid":{"rendered":"https:\/\/birthdaymessages.currentnewstimes.com\/fi\/?page_id=160"},"modified":"2021-08-04T17:17:51","modified_gmt":"2021-08-04T17:17:51","slug":"evastekaytanto","status":"publish","type":"page","link":"https:\/\/birthdaymessages.currentnewstimes.com\/fi\/evastekaytanto\/","title":{"rendered":"Ev\u00e4stek\u00e4yt\u00e4nt\u00f6"},"content":{"rendered":"<div class=\"cli_pg_page_contaner\">\n<h3><span style=\"color: #000000;\"><strong>Tietoja t\u00e4st\u00e4 ev\u00e4stek\u00e4yt\u00e4nn\u00f6st\u00e4<\/strong><\/span><\/h3>\n<div><span style=\"font-size: 14pt;\">T\u00e4ss\u00e4 ev\u00e4stek\u00e4yt\u00e4nn\u00f6ss\u00e4 selitet\u00e4\u00e4n, mit\u00e4 ev\u00e4steet ovat ja miten k\u00e4yt\u00e4mme niit\u00e4, mink\u00e4 tyyppisi\u00e4 ev\u00e4steit\u00e4 k\u00e4yt\u00e4mme eli mit\u00e4 tietoja ker\u00e4\u00e4mme ev\u00e4steiden avulla ja miten n\u00e4it\u00e4 tietoja k\u00e4ytet\u00e4\u00e4n sek\u00e4 miten voit hallita ev\u00e4steasetuksia. Lis\u00e4tietoja siit\u00e4, miten k\u00e4yt\u00e4mme, tallennamme ja pid\u00e4mme henkil\u00f6tietojasi turvassa, on tietosuojaselosteessamme.<\/span><\/div>\n<div><\/div>\n<div><span style=\"font-size: 14pt;\">Voit milloin tahansa muuttaa tai peruuttaa suostumuksesi ev\u00e4steilmoituksesta verkkosivuillamme olevasta ev\u00e4steilmoituksesta.Lue lis\u00e4\u00e4 siit\u00e4, keit\u00e4 olemme, miten voit ottaa meihin yhteytt\u00e4 ja miten k\u00e4sittelemme henkil\u00f6tietoja tietosuojaselosteessamme.Suostumuksesi koskee seuraavia verkkotunnuksia:<\/span><\/div>\n<div><\/div>\n<div><span style=\"font-size: 14pt;\"> <a href=\"https:\/\/birthdaymessages.currentnewstimes.com\/fi\/\">birthdaymessages.currentnewstimes.com\/fi\/<\/a>[user_consent_state]<\/span><\/div>\n<h3><span style=\"color: #000000;\"><strong>Mit\u00e4 ev\u00e4steet ovat?<\/strong><\/span><\/h3>\n<div><span style=\"font-size: 14pt;\">Ev\u00e4steet ovat pieni\u00e4 tekstitiedostoja, joita k\u00e4ytet\u00e4\u00e4n pienten tietojen tallentamiseen. Ne tallennetaan laitteeseesi, kun verkkosivusto ladataan selaimeesi. N\u00e4m\u00e4 ev\u00e4steet auttavat meit\u00e4 saamaan verkkosivuston toimimaan oikein, tekem\u00e4\u00e4n siit\u00e4 turvallisemman, tarjoamaan paremman k\u00e4ytt\u00e4j\u00e4kokemuksen ja ymm\u00e4rt\u00e4m\u00e4\u00e4n, miten verkkosivusto toimii, sek\u00e4 analysoimaan, mik\u00e4 toimii ja miss\u00e4 on parantamisen varaa.<\/span><\/div>\n<h3><strong><span style=\"color: #000000;\">Miten k\u00e4yt\u00e4mme ev\u00e4steit\u00e4?<\/span><\/strong><\/h3>\n<div><span style=\"font-size: 14pt;\">Kuten useimmat verkkopalvelut, verkkosivustomme k\u00e4ytt\u00e4\u00e4 ensimm\u00e4isen osapuolen ja kolmannen osapuolen ev\u00e4steit\u00e4 useisiin eri tarkoituksiin. Ensimm\u00e4isen osapuolen ev\u00e4steet ovat useimmiten v\u00e4ltt\u00e4m\u00e4tt\u00f6mi\u00e4, jotta verkkosivusto toimisi oikein, eiv\u00e4tk\u00e4 ne ker\u00e4\u00e4 mit\u00e4\u00e4n henkil\u00f6kohtaisesti tunnistettavia tietojasi.<\/span><\/div>\n<div><\/div>\n<div><span style=\"font-size: 14pt;\">Verkkosivustollamme k\u00e4ytett\u00e4v\u00e4t kolmannen osapuolen ev\u00e4steet ovat p\u00e4\u00e4asiassa tarkoitettu ymm\u00e4rt\u00e4m\u00e4\u00e4n, miten verkkosivusto toimii, miten olet vuorovaikutuksessa verkkosivustomme kanssa, pit\u00e4m\u00e4\u00e4n palvelumme turvallisena, tarjoamaan sinulle merkityksellisi\u00e4 mainoksia ja kaiken kaikkiaan tarjoamaan sinulle paremman ja paremman k\u00e4ytt\u00f6kokemuksen ja nopeuttamaan tulevia vuorovaikutustapojasi verkkosivustomme kanssa.<\/span><\/div>\n<h3><strong><span style=\"color: #000000;\">Millaisia ev\u00e4steit\u00e4 k\u00e4yt\u00e4mme?<\/span><\/strong><\/h3>\n<div><span style=\"font-size: 14pt;\">V\u00e4ltt\u00e4m\u00e4t\u00f6nt\u00e4: Ev\u00e4steet: Jotkin ev\u00e4steet ovat v\u00e4ltt\u00e4m\u00e4tt\u00f6mi\u00e4, jotta voit k\u00e4ytt\u00e4\u00e4 sivustomme kaikkia toimintoja. Niiden avulla voimme yll\u00e4pit\u00e4\u00e4 k\u00e4ytt\u00e4j\u00e4istuntoja ja ehk\u00e4ist\u00e4 mahdollisia turvallisuusuhkia. Ne eiv\u00e4t ker\u00e4\u00e4 tai tallenna mit\u00e4\u00e4n henkil\u00f6kohtaisia tietoja. <\/span><\/div>\n<div><\/div>\n<div><span style=\"font-size: 14pt;\">N\u00e4iden ev\u00e4steiden avulla voit esimerkiksi kirjautua tilillesi, lis\u00e4t\u00e4 tuotteita ostoskoriin ja tehd\u00e4 kassalle turvallisesti.Tilastot: N\u00e4m\u00e4 ev\u00e4steet tallentavat tietoja, kuten verkkosivuston k\u00e4vij\u00e4m\u00e4\u00e4r\u00e4n, yksil\u00f6llisten k\u00e4vij\u00f6iden m\u00e4\u00e4r\u00e4n, mill\u00e4 verkkosivuston sivuilla on vierailtu, vierailun l\u00e4hteen jne. <\/span><\/div>\n<div><\/div>\n<div><span style=\"font-size: 14pt;\">N\u00e4m\u00e4 tiedot auttavat meit\u00e4 ymm\u00e4rt\u00e4m\u00e4\u00e4n ja analysoimaan, miten hyvin verkkosivusto toimii ja miss\u00e4 se tarvitsee parannuksia.<\/span><\/div>\n<div><\/div>\n<div><span style=\"font-size: 14pt;\">Markkinointi: Verkkosivustollamme n\u00e4ytet\u00e4\u00e4n mainoksia. N\u00e4it\u00e4 ev\u00e4steit\u00e4 k\u00e4ytet\u00e4\u00e4n sinulle n\u00e4ytt\u00e4miemme mainosten personointiin, jotta ne olisivat sinulle mielekk\u00e4it\u00e4. N\u00e4m\u00e4 ev\u00e4steet auttavat meit\u00e4 my\u00f6s seuraamaan n\u00e4iden mainoskampanjoiden tehokkuutta.Kolmannen osapuolen mainostoimittajat voivat my\u00f6s k\u00e4ytt\u00e4\u00e4 n\u00e4ihin ev\u00e4steisiin tallennettuja tietoja n\u00e4ytt\u00e4\u00e4kseen sinulle mainoksia my\u00f6s muilla verkkosivustoilla selaimessa.Toiminnallinen: <\/span><\/div>\n<div><\/div>\n<div><span style=\"font-size: 14pt;\">N\u00e4m\u00e4 ovat ev\u00e4steit\u00e4, jotka auttavat tiettyj\u00e4 muita kuin keskeisi\u00e4 toimintoja verkkosivustollamme. N\u00e4ihin toiminnallisuuksiin kuuluu sis\u00e4ll\u00f6n, kuten videoiden, upottaminen tai verkkosivuston sis\u00e4ll\u00f6n jakaminen sosiaalisen median alustoilla.Asetukset: N\u00e4m\u00e4 ev\u00e4steet auttavat meit\u00e4 tallentamaan asetuksesi ja selausasetuksesi, kuten kieliasetukset, jotta saat paremman ja tehokkaamman k\u00e4ytt\u00f6kokemuksen tulevilla vierailuillasi verkkosivustolla.<\/span><\/div>\n<div><\/div>\n<div>[cookie_audit columns=&#8221;cookie,description&#8221; heading=&#8221;The below list details the cookies used in our website.&#8221;]<\/div>\n<h3><strong><span style=\"color: #000000;\">Miten voin hallita ev\u00e4steasetuksia?<\/span><\/strong><\/h3>\n<div><span style=\"font-size: 14pt;\">Jos p\u00e4\u00e4t\u00e4t muuttaa asetuksiasi my\u00f6hemmin selausistunnon aikana, voit napsauttaa n\u00e4yt\u00f6ll\u00e4si v\u00e4lilehte\u00e4 &#8220;Tietosuoja- ja ev\u00e4stek\u00e4yt\u00e4nt\u00f6&#8221;. <\/span><\/div>\n<div><\/div>\n<div><span style=\"font-size: 14pt;\">T\u00e4m\u00e4 tuo suostumusta koskevan ilmoituksen uudelleen n\u00e4kyviin, jolloin voit muuttaa asetuksiasi tai peruuttaa suostumuksesi kokonaan.Lis\u00e4ksi eri selaimet tarjoavat erilaisia menetelmi\u00e4 verkkosivustojen k\u00e4ytt\u00e4mien ev\u00e4steiden est\u00e4miseen ja poistamiseen. <\/span><\/div>\n<div><\/div>\n<div><span style=\"font-size: 14pt;\">Voit muuttaa selaimesi asetuksia ev\u00e4steiden est\u00e4miseksi tai poistamiseksi. Lis\u00e4tietoja ev\u00e4steiden hallinnasta ja poistamisesta saat osoitteesta <a href=\"http:\/\/wikipedia.org\" target=\"_blank\" rel=\"noopener\">wikipedia.org<\/a>, <a href=\"http:\/\/www.allaboutcookies.org\" target=\"_blank\" rel=\"noopener\">www.allaboutcookies.org<\/a>.<\/span><\/div>\n<\/div>\n","protected":false},"excerpt":{"rendered":"<p>Tietoja t\u00e4st\u00e4 ev\u00e4stek\u00e4yt\u00e4nn\u00f6st\u00e4 T\u00e4ss\u00e4 ev\u00e4stek\u00e4yt\u00e4nn\u00f6ss\u00e4 selitet\u00e4\u00e4n, mit\u00e4 ev\u00e4steet ovat ja miten k\u00e4yt\u00e4mme niit\u00e4, mink\u00e4 tyyppisi\u00e4 ev\u00e4steit\u00e4 k\u00e4yt\u00e4mme eli mit\u00e4 tietoja ker\u00e4\u00e4mme ev\u00e4steiden avulla ja miten n\u00e4it\u00e4 tietoja k\u00e4ytet\u00e4\u00e4n sek\u00e4 miten voit hallita ev\u00e4steasetuksia. Lis\u00e4tietoja siit\u00e4, miten k\u00e4yt\u00e4mme, tallennamme ja pid\u00e4mme henkil\u00f6tietojasi turvassa, on tietosuojaselosteessamme. Voit milloin tahansa muuttaa tai peruuttaa suostumuksesi ev\u00e4steilmoituksesta verkkosivuillamme olevasta ev\u00e4steilmoituksesta.Lue&#8230;<\/p>\n","protected":false},"author":1,"featured_media":0,"parent":0,"menu_order":0,"comment_status":"closed","ping_status":"closed","template":"","meta":{"footnotes":""},"class_list":["post-160","page","type-page","status-publish","hentry"],"_links":{"self":[{"href":"https:\/\/birthdaymessages.currentnewstimes.com\/fi\/wp-json\/wp\/v2\/pages\/160","targetHints":{"allow":["GET"]}}],"collection":[{"href":"https:\/\/birthdaymessages.currentnewstimes.com\/fi\/wp-json\/wp\/v2\/pages"}],"about":[{"href":"https:\/\/birthdaymessages.currentnewstimes.com\/fi\/wp-json\/wp\/v2\/types\/page"}],"author":[{"embeddable":true,"href":"https:\/\/birthdaymessages.currentnewstimes.com\/fi\/wp-json\/wp\/v2\/users\/1"}],"replies":[{"embeddable":true,"href":"https:\/\/birthdaymessages.currentnewstimes.com\/fi\/wp-json\/wp\/v2\/comments?post=160"}],"version-history":[{"count":1,"href":"https:\/\/birthdaymessages.currentnewstimes.com\/fi\/wp-json\/wp\/v2\/pages\/160\/revisions"}],"predecessor-version":[{"id":161,"href":"https:\/\/birthdaymessages.currentnewstimes.com\/fi\/wp-json\/wp\/v2\/pages\/160\/revisions\/161"}],"wp:attachment":[{"href":"https:\/\/birthdaymessages.currentnewstimes.com\/fi\/wp-json\/wp\/v2\/media?parent=160"}],"curies":[{"name":"wp","href":"https:\/\/api.w.org\/{rel}","templated":true}]}}