


{"id":54,"date":"2021-08-04T06:17:12","date_gmt":"2021-08-04T06:17:12","guid":{"rendered":"https:\/\/birthdaymessages.currentnewstimes.com\/da\/?page_id=54"},"modified":"2021-08-04T06:29:50","modified_gmt":"2021-08-04T06:29:50","slug":"ansvarsfraskrivelse","status":"publish","type":"page","link":"https:\/\/birthdaymessages.currentnewstimes.com\/da\/ansvarsfraskrivelse\/","title":{"rendered":"Ansvarsfraskrivelse"},"content":{"rendered":"\n<p><span style=\"font-size: 14pt;\">Hvis du har brug for yderligere oplysninger eller har sp\u00f8rgsm\u00e5l om vores webstedets ansvarsfraskrivelse, er du velkommen til at kontakte os via e-mail p\u00e5 pushkaragarwalcnt@gmail.com.<\/span><\/p>\n<p><strong><span style=\"font-size: 18pt;\">Ansvarsfraskrivelse for F\u00f8dselsdagshilsen<\/span><\/strong><br \/><span style=\"font-size: 14pt;\">Alle oplysninger p\u00e5 dette websted &#8211; <a href=\"https:\/\/birthdaymessages.currentnewstimes.com\/da\/\">https:\/\/birthdaymessages.currentnewstimes.com\/da\/<\/a>&#8211; offentligg\u00f8res i god tro og kun til generelle informationsform\u00e5l. F\u00f8dselsdagshilsen giver ingen garantier for disse oplysningers fuldst\u00e6ndighed, p\u00e5lidelighed og n\u00f8jagtighed. Enhver handling, du foretager dig p\u00e5 baggrund af de oplysninger, du finder p\u00e5 dette websted ( F\u00f8dselsdagshilsen), er udelukkende p\u00e5 eget ansvar. F\u00f8dselsdagshilsen er ikke ansvarlig for eventuelle tab og\/eller skader i forbindelse med brugen af vores websted.<\/span><\/p>\n<p><span style=\"font-size: 14pt;\">Fra vores websted kan du bes\u00f8ge andre websteder ved at f\u00f8lge hyperlinks til s\u00e5danne eksterne websteder. Selv om vi bestr\u00e6ber os p\u00e5 kun at levere kvalitetslinks til nyttige og etiske websteder, har vi ingen kontrol over disse websteders indhold og karakter. Disse links til andre websteder indeb\u00e6rer ikke en anbefaling af alt det indhold, der findes p\u00e5 disse websteder. Webstedets ejere og indhold kan \u00e6ndres uden varsel og kan forekomme, f\u00f8r vi har mulighed for at fjerne et link, som m\u00e5ske er blevet &#8220;d\u00e5rligt&#8221;.<\/span><\/p>\n<p><span style=\"font-size: 14pt;\">V\u00e6r ogs\u00e5 opm\u00e6rksom p\u00e5, at n\u00e5r du forlader vores websted, kan andre websteder have andre politikker og vilk\u00e5r for beskyttelse af personlige oplysninger, som vi ikke har nogen indflydelse p\u00e5. S\u00f8rg for at tjekke disse websteders privatlivspolitikker samt deres &#8220;vilk\u00e5r for tjeneste&#8221;, inden du foretager nogen forretning eller uploader nogen oplysninger.<\/span><\/p>\n<p><strong><span style=\"font-size: 18pt;\">Samtykke<\/span><\/strong><br \/><span style=\"font-size: 14pt;\">Ved at bruge vores websted giver du hermed dit samtykke til vores ansvarsfraskrivelse og accepterer betingelserne heri.<\/span><\/p>\n<p><strong><span style=\"font-size: 18pt;\">Opdatering<\/span><\/strong><br \/><span style=\"font-size: 14pt;\">Hvis vi opdaterer, \u00e6ndrer eller foretager \u00e6ndringer i dette dokument, vil disse \u00e6ndringer blive offentliggjort p\u00e5 en fremtr\u00e6dende m\u00e5de her.<\/span><\/p>\n","protected":false},"excerpt":{"rendered":"<p>Hvis du har brug for yderligere oplysninger eller har sp\u00f8rgsm\u00e5l om vores webstedets ansvarsfraskrivelse, er du velkommen til at kontakte os via e-mail p\u00e5 pushkaragarwalcnt@gmail.com. Ansvarsfraskrivelse for F\u00f8dselsdagshilsenAlle oplysninger p\u00e5 dette websted &#8211; https:\/\/birthdaymessages.currentnewstimes.com\/da\/&#8211; offentligg\u00f8res i god tro og kun til generelle informationsform\u00e5l. F\u00f8dselsdagshilsen giver ingen garantier for disse oplysningers fuldst\u00e6ndighed, p\u00e5lidelighed og n\u00f8jagtighed. Enhver&#8230;<\/p>\n","protected":false},"author":1,"featured_media":0,"parent":0,"menu_order":0,"comment_status":"closed","ping_status":"closed","template":"","meta":[],"_links":{"self":[{"href":"https:\/\/birthdaymessages.currentnewstimes.com\/da\/wp-json\/wp\/v2\/pages\/54"}],"collection":[{"href":"https:\/\/birthdaymessages.currentnewstimes.com\/da\/wp-json\/wp\/v2\/pages"}],"about":[{"href":"https:\/\/birthdaymessages.currentnewstimes.com\/da\/wp-json\/wp\/v2\/types\/page"}],"author":[{"embeddable":true,"href":"https:\/\/birthdaymessages.currentnewstimes.com\/da\/wp-json\/wp\/v2\/users\/1"}],"replies":[{"embeddable":true,"href":"https:\/\/birthdaymessages.currentnewstimes.com\/da\/wp-json\/wp\/v2\/comments?post=54"}],"version-history":[{"count":0,"href":"https:\/\/birthdaymessages.currentnewstimes.com\/da\/wp-json\/wp\/v2\/pages\/54\/revisions"}],"wp:attachment":[{"href":"https:\/\/birthdaymessages.currentnewstimes.com\/da\/wp-json\/wp\/v2\/media?parent=54"}],"curies":[{"name":"wp","href":"https:\/\/api.w.org\/{rel}","templated":true}]}}